{"id":74825,"date":"2024-10-21T09:29:53","date_gmt":"2024-10-31T10:56:05","guid":{"rendered":"https:\/\/staging.nbg.eu\/product\/grips-kmr-s-dotmatrix-black\/"},"modified":"2024-10-31T10:57:30","modified_gmt":"2024-10-31T10:57:30","slug":"rocaji-kmr-s-dotmatrix-black","status":"publish","type":"product","link":"https:\/\/staging.nbg.eu\/sl\/izdelek\/rocaji-kmr-s-dotmatrix-black\/","title":{"rendered":"RO\u010cAJI KMR S DotMatrix &#8211; Black"},"content":{"rendered":"<div class=\"product-description\">\n<h2>RO\u010cAJI KMR S DotMatrix &#8211; \u010crni<\/h2>\n<p>GRIPS KMR S DotMatrix v \u010drni barvi. Ti ro\u010daji imajo grobo teksturo za zanesljiv oprijem. Primerni za nadgradnjo obstoje\u010de pi\u0161tole ali za tekmovalno oro\u017eje.<\/p>\n<h3>Klju\u010dne lastnosti:<\/h3>\n<ul>\n<li>Dolga velikost za optimalen oprijem<\/li>\n<li>Izdelani iz anodiziranega duraluminija<\/li>\n<li>Vzorec golfske \u017eogice za bolj\u0161o teksturo<\/li>\n<li>Zasnovani za uporabo brez vodila nabojnika<\/li>\n<li>Vklju\u010deni torx vijaki za enostavno namestitev<\/li>\n<li>Vklju\u010duje logotip KMR<\/li>\n<\/ul>\n<p>Zdru\u017eljivi izklju\u010dno z modeli KMR S-02 s 26 mm \u0161irokim aluminijastim okvirjem. Niso primerni za velikosti okvirjev W-02 ali L-02. Za izbolj\u0161an nadzor in zmogljivost pi\u0161tole KMR S-02 .22 LR.<\/p>\n<\/div>\n<dl class=\"data-sheet\">\n<dt class=\"name\">Za oro\u017eje KMR<\/dt>\n<dd class=\"value\">KMR S-01 LANCE (OR)<br \/>\nKMR S-02 DO 2023<\/dd>\n<dt class=\"name\">Izbira po oro\u017eju CZ<\/dt>\n<dd class=\"value\">CZ SHADOW 1<br \/>\nCZ SHADOW 2<br \/>\nCZ SHADOW 2 (OR)<br \/>\nCZ SP-01<\/dd>\n<\/dl>\n","protected":false},"excerpt":{"rendered":"<p>Trpe\u017eni anodizirani duraluminijasti ro\u010daji za pi\u0161tolo. Agresivna tekstura.<\/p>\n<p>0611-02801-0101<\/p>\n","protected":false},"featured_media":73833,"template":"","meta":{"_acf_changed":false},"product_brand":[11509],"product_cat":[13435],"product_tag":[],"class_list":{"0":"post-74825","1":"product","2":"type-product","3":"status-publish","4":"has-post-thumbnail","6":"product_brand-kmr-precision","7":"product_cat-kmr-deli","9":"first","10":"instock","11":"taxable","12":"shipping-taxable","13":"purchasable","14":"product-type-simple"},"acf":[],"_links":{"self":[{"href":"https:\/\/staging.nbg.eu\/sl\/wp-json\/wp\/v2\/product\/74825","targetHints":{"allow":["GET"]}}],"collection":[{"href":"https:\/\/staging.nbg.eu\/sl\/wp-json\/wp\/v2\/product"}],"about":[{"href":"https:\/\/staging.nbg.eu\/sl\/wp-json\/wp\/v2\/types\/product"}],"wp:featuredmedia":[{"embeddable":true,"href":"https:\/\/staging.nbg.eu\/sl\/wp-json\/wp\/v2\/media\/73833"}],"wp:attachment":[{"href":"https:\/\/staging.nbg.eu\/sl\/wp-json\/wp\/v2\/media?parent=74825"}],"wp:term":[{"taxonomy":"product_brand","embeddable":true,"href":"https:\/\/staging.nbg.eu\/sl\/wp-json\/wp\/v2\/product_brand?post=74825"},{"taxonomy":"product_cat","embeddable":true,"href":"https:\/\/staging.nbg.eu\/sl\/wp-json\/wp\/v2\/product_cat?post=74825"},{"taxonomy":"product_tag","embeddable":true,"href":"https:\/\/staging.nbg.eu\/sl\/wp-json\/wp\/v2\/product_tag?post=74825"}],"curies":[{"name":"wp","href":"https:\/\/api.w.org\/{rel}","templated":true}]}}