{"id":74377,"date":"2024-10-19T08:43:18","date_gmt":"2024-10-19T08:43:18","guid":{"rendered":"https:\/\/staging.nbg.eu\/product\/sg-timer-go\/"},"modified":"2025-10-01T15:32:00","modified_gmt":"2025-10-01T12:32:00","slug":"sg-timer-go","status":"publish","type":"product","link":"https:\/\/staging.nbg.eu\/sl\/izdelek\/sg-timer-go\/","title":{"rendered":"SG Timer Go"},"content":{"rendered":"<h2>SG Timer Go: Napredne funkcije<\/h2>\n<p>SG Timer Go zdru\u017euje napredno tehnologijo v kompaktni napravi. Ta \u010dasovnik ima enak pametni senzor in algoritme za prepoznavanje kot njegov predhodnik.<\/p>\n<h2>Klju\u010dne lastnosti:<\/h2>\n<ul>\n<li>Povezljivost Bluetooth<\/li>\n<li>Zdru\u017eljivost z aplikacijo za vaje za napredne funkcije<\/li>\n<li>Zaznavanje suhega streljanja s povratnimi informacijami o u\u010dinkovitosti<\/li>\n<li>Filtriranje odmeva za natan\u010dno zaznavanje strelov<\/li>\n<li>Vgrajen pomnilnik za 1.000.000 strelov<\/li>\n<li>Prilagodljivi \u010dasi PAR<\/li>\n<li>Nastavljiva ob\u010dutljivost za vse kalibre<\/li>\n<li>Nastavljiv nadzor glasnosti (5-100)<\/li>\n<li>&#8220;Vohunski na\u010din&#8221; za sinhronizacijo z drugimi \u010dasovniki<\/li>\n<\/ul>\n<h2>Uporabniku prijazna zasnova:<\/h2>\n<ul>\n<li>Zaslon na vrhu za la\u017eji pregled<\/li>\n<li>Poenostavljen vmesnik z dvema gumboma<\/li>\n<li>Zaponka za pas s hitrim spro\u0161\u010danjem za varno pritrditev<\/li>\n<li>Zaponka za \u017eep za razli\u010dne mo\u017enosti no\u0161enja<\/li>\n<\/ul>\n<h2>Dolgotrajno delovanje:<\/h2>\n<p>Z do 80 urami neprekinjene uporabe z enim polnjenjem in priro\u010dnim priklju\u010dkom USB-C je SG Timer Go pripravljen za vsakodnevno uporabo.<\/p>\n<p>SG Timer Go zdru\u017euje preprostost in napredne funkcije.<\/p>\n","protected":false},"excerpt":{"rendered":"<p>Kompaktna pametna merilna ura s povezavo Bluetooth, naprednimi funkcijami in dolgotrajnim delovanjem baterije.<\/p>\n","protected":false},"featured_media":73229,"template":"","meta":{"_acf_changed":false},"product_brand":[11807],"product_cat":[13463,13450],"product_tag":[],"class_list":{"0":"post-74377","1":"product","2":"type-product","3":"status-publish","4":"has-post-thumbnail","6":"product_brand-shooters-global","7":"product_cat-merilniki-casa-streljanja","8":"product_cat-oprema","10":"first","11":"outofstock","12":"taxable","13":"shipping-taxable","14":"purchasable","15":"product-type-simple"},"acf":[],"_links":{"self":[{"href":"https:\/\/staging.nbg.eu\/sl\/wp-json\/wp\/v2\/product\/74377","targetHints":{"allow":["GET"]}}],"collection":[{"href":"https:\/\/staging.nbg.eu\/sl\/wp-json\/wp\/v2\/product"}],"about":[{"href":"https:\/\/staging.nbg.eu\/sl\/wp-json\/wp\/v2\/types\/product"}],"wp:featuredmedia":[{"embeddable":true,"href":"https:\/\/staging.nbg.eu\/sl\/wp-json\/wp\/v2\/media\/73229"}],"wp:attachment":[{"href":"https:\/\/staging.nbg.eu\/sl\/wp-json\/wp\/v2\/media?parent=74377"}],"wp:term":[{"taxonomy":"product_brand","embeddable":true,"href":"https:\/\/staging.nbg.eu\/sl\/wp-json\/wp\/v2\/product_brand?post=74377"},{"taxonomy":"product_cat","embeddable":true,"href":"https:\/\/staging.nbg.eu\/sl\/wp-json\/wp\/v2\/product_cat?post=74377"},{"taxonomy":"product_tag","embeddable":true,"href":"https:\/\/staging.nbg.eu\/sl\/wp-json\/wp\/v2\/product_tag?post=74377"}],"curies":[{"name":"wp","href":"https:\/\/api.w.org\/{rel}","templated":true}]}}