{"id":74363,"date":"2024-10-19T08:24:33","date_gmt":"2024-10-30T09:32:46","guid":{"rendered":"https:\/\/staging.nbg.eu\/product\/sg-timer-2\/"},"modified":"2024-10-30T09:34:22","modified_gmt":"2024-10-30T09:34:22","slug":"sg-timer-2","status":"publish","type":"product","link":"https:\/\/staging.nbg.eu\/sl\/izdelek\/sg-timer-2\/","title":{"rendered":"SG Timer 2"},"content":{"rendered":"<div class=\"product-description\">\n<h2>SG Timer 2: \u010casovnik za streljanje<\/h2>\n<p>SG Timer 2 je \u010dasovnik za streljanje z naprednimi funkcijami in robustno zasnovo. Primeren je za individualno vadbo in skupinske treninge.<\/p>\n<h2>Klju\u010dne zna\u010dilnosti:<\/h2>\n<ul>\n<li><strong>Glasnost:<\/strong> Akusti\u010dni oja\u010devalec za pove\u010dano glasnost.<\/li>\n<li><strong>Pritrditev:<\/strong> U-prijem z mo\u010dnej\u0161imi magneti in pritrdilno opremo za stabilnost.<\/li>\n<li><strong>Povezljivost:<\/strong> NFC in Bluetooth 5.4 za povezavo s pametnim telefonom in pove\u010dan doseg.<\/li>\n<li><strong>Zaznavanje strelov:<\/strong> Ob\u010dutljiv senzor za zaznavanje strelov iz razli\u010dnih oro\u017eij, vklju\u010dno z du\u0161ilci zvoka.<\/li>\n<li><strong>Prilagodljive nastavitve:<\/strong> Nastavljiva ob\u010dutljivost in filtriranje odmeva za natan\u010dno prepoznavanje strelov.<\/li>\n<li><strong>Pomnilnik:<\/strong> Vgrajen pomnilnik za do 1.000.000 strelov s podrobno statistiko.<\/li>\n<li><strong>PAR funkcija:<\/strong> Na\u010drtovanje vadb in vaj vnaprej.<\/li>\n<li><strong>Vohunski na\u010din:<\/strong> Sinhronizacija z drugimi \u010dasovniki za skupinsko vadbo.<\/li>\n<\/ul>\n<p>SG Timer 2 je primeren za tekmovalne strelce, in\u0161truktorje streljanja in navdu\u0161ence. Naprava nudi zmogljivost in zanesljivost za izbolj\u0161anje va\u0161e vadbe.<\/p>\n<\/div>\n","protected":false},"excerpt":{"rendered":"<p>Glasnej\u0161i, pametnej\u0161i, vsestranski. Varen oprijem, Bluetooth 5.4, napredni senzor.<\/p>\n","protected":false},"featured_media":73090,"template":"","meta":{"_acf_changed":false},"product_brand":[11806],"product_cat":[13463,13450],"product_tag":[],"class_list":{"0":"post-74363","1":"product","2":"type-product","3":"status-publish","4":"has-post-thumbnail","6":"product_brand-shooters-global","7":"product_cat-merilniki-casa-streljanja","8":"product_cat-oprema","10":"first","11":"instock","12":"taxable","13":"shipping-taxable","14":"purchasable","15":"product-type-simple"},"acf":[],"_links":{"self":[{"href":"https:\/\/staging.nbg.eu\/sl\/wp-json\/wp\/v2\/product\/74363","targetHints":{"allow":["GET"]}}],"collection":[{"href":"https:\/\/staging.nbg.eu\/sl\/wp-json\/wp\/v2\/product"}],"about":[{"href":"https:\/\/staging.nbg.eu\/sl\/wp-json\/wp\/v2\/types\/product"}],"wp:featuredmedia":[{"embeddable":true,"href":"https:\/\/staging.nbg.eu\/sl\/wp-json\/wp\/v2\/media\/73090"}],"wp:attachment":[{"href":"https:\/\/staging.nbg.eu\/sl\/wp-json\/wp\/v2\/media?parent=74363"}],"wp:term":[{"taxonomy":"product_brand","embeddable":true,"href":"https:\/\/staging.nbg.eu\/sl\/wp-json\/wp\/v2\/product_brand?post=74363"},{"taxonomy":"product_cat","embeddable":true,"href":"https:\/\/staging.nbg.eu\/sl\/wp-json\/wp\/v2\/product_cat?post=74363"},{"taxonomy":"product_tag","embeddable":true,"href":"https:\/\/staging.nbg.eu\/sl\/wp-json\/wp\/v2\/product_tag?post=74363"}],"curies":[{"name":"wp","href":"https:\/\/api.w.org\/{rel}","templated":true}]}}