{"id":74333,"date":"2024-10-18T19:45:03","date_gmt":"2024-10-30T09:24:42","guid":{"rendered":"https:\/\/staging.nbg.eu\/product\/sordin-supreme-pro-x-led-gel\/"},"modified":"2024-10-30T09:26:14","modified_gmt":"2024-10-30T09:26:14","slug":"sordin-supreme-pro-x-led-gel","status":"publish","type":"product","link":"https:\/\/staging.nbg.eu\/sl\/izdelek\/sordin-supreme-pro-x-led-gel\/","title":{"rendered":"Sordin Supreme Pro-X LED GEL"},"content":{"rendered":"<h2>Sordin Supreme Pro-X LED<\/h2>\n<p>Sordin Supreme Pro-X LED je elektronska za\u0161\u010dita sluha za lovce in strelce. Ima SordinHEAR2 zvo\u010dni sistem s \u0161tirimi zvo\u010dnimi profili in nudi kakovostno za\u0161\u010dito.<\/p>\n<h2>Klju\u010dne lastnosti:<\/h2>\n<ul>\n<li>Vgrajena LED lu\u010dka za ve\u010djo vidljivost v temi<\/li>\n<li>GEL tesnilni obro\u010di za udobje<\/li>\n<li>IP67 vodoodporna ocena<\/li>\n<li>Kompaktna zasnova za enostavno no\u0161enje in streljanje<\/li>\n<li>Funkcija odvisna od ravni za zavedanje okoli\u0161kih zvokov<\/li>\n<li>400-urna \u017eivljenjska doba baterije z dvema AAA baterijama<\/li>\n<li>AUX vhod za zunanje zvo\u010dne vire<\/li>\n<\/ul>\n<p>Omogo\u010da naravno reprodukcijo zvoka z visokokakovostnimi zvo\u010dniki in \u0161\u010diti pred nevarnim hrupom. Supreme Pro-X LED oja\u010da \u0161ibke zvoke in omeji izhod na 82 dB za za\u0161\u010dito sluha.<\/p>\n<p>Ima kamufla\u017eni tekstilni naglavni trak, lahka zasnova (376g) in u\u010dinkovito du\u0161enje tudi pri no\u0161enju o\u010dal.<\/p>\n<p>NRR: 21 | SNR: 27 | H: 29 | M: 24 | L: 19<\/p>\n","protected":false},"excerpt":{"rendered":"<p>Elektronska za\u0161\u010dita sluha z LED lu\u010djo, 4 zvo\u010dnimi profili in gelastimi tesnili.<\/p>\n","protected":false},"featured_media":72227,"template":"","meta":{"_acf_changed":false},"product_brand":[11857],"product_cat":[13450,13445],"product_tag":[],"class_list":{"0":"post-74333","1":"product","2":"type-product","3":"status-publish","4":"has-post-thumbnail","6":"product_brand-sordin","7":"product_cat-oprema","8":"product_cat-zascita-za-usesa","10":"first","11":"instock","12":"taxable","13":"shipping-taxable","14":"purchasable","15":"product-type-simple"},"acf":[],"_links":{"self":[{"href":"https:\/\/staging.nbg.eu\/sl\/wp-json\/wp\/v2\/product\/74333","targetHints":{"allow":["GET"]}}],"collection":[{"href":"https:\/\/staging.nbg.eu\/sl\/wp-json\/wp\/v2\/product"}],"about":[{"href":"https:\/\/staging.nbg.eu\/sl\/wp-json\/wp\/v2\/types\/product"}],"wp:featuredmedia":[{"embeddable":true,"href":"https:\/\/staging.nbg.eu\/sl\/wp-json\/wp\/v2\/media\/72227"}],"wp:attachment":[{"href":"https:\/\/staging.nbg.eu\/sl\/wp-json\/wp\/v2\/media?parent=74333"}],"wp:term":[{"taxonomy":"product_brand","embeddable":true,"href":"https:\/\/staging.nbg.eu\/sl\/wp-json\/wp\/v2\/product_brand?post=74333"},{"taxonomy":"product_cat","embeddable":true,"href":"https:\/\/staging.nbg.eu\/sl\/wp-json\/wp\/v2\/product_cat?post=74333"},{"taxonomy":"product_tag","embeddable":true,"href":"https:\/\/staging.nbg.eu\/sl\/wp-json\/wp\/v2\/product_tag?post=74333"}],"curies":[{"name":"wp","href":"https:\/\/api.w.org\/{rel}","templated":true}]}}