{"id":74310,"date":"2024-10-18T19:29:44","date_gmt":"2024-10-30T09:19:15","guid":{"rendered":"https:\/\/staging.nbg.eu\/product\/nitehog-viper-50-next-thermal-clip-on\/"},"modified":"2024-10-30T09:20:48","modified_gmt":"2024-10-30T09:20:48","slug":"nitehog-viper-50-next-termovizijski-nastavek","status":"publish","type":"product","link":"https:\/\/staging.nbg.eu\/sl\/izdelek\/nitehog-viper-50-next-termovizijski-nastavek\/","title":{"rendered":"NiteHog Viper 50 Next termovizijski nastavek"},"content":{"rendered":"<h2>NiteHog Viper 50 Next termalna priprava za pritrditev<\/h2>\n<p>Viper 50 Next je kompaktna in lahka priprava za pritrditev, ki izbolj\u0161uje va\u0161o optiko.<\/p>\n<h2>Klju\u010dne lastnosti:<\/h2>\n<ul>\n<li>50mm gori\u0161\u010dna razdalja za zaznavanje in prepoznavanje na daljavo<\/li>\n<li>60 Hz slikanje v realnem \u010dasu<\/li>\n<li>Ultra-kompaktna zasnova s te\u017eo 295 gramov<\/li>\n<li>Enostavna pritrditev na dnevno opti\u010dno napravo<\/li>\n<li>Domet zaznavanja do 2160 metrov<\/li>\n<li>Napredni A-Core modul za kakovost slike<\/li>\n<li>Zaslon z lo\u010dljivostjo 1024&#215;768 pikslov<\/li>\n<li>IP66 certifikat vodoodpornosti<\/li>\n<li>5-urna \u017eivljenjska doba baterije s standardno 18650 baterijo<\/li>\n<li>Ve\u010d na\u010dinov slike: belo vro\u010de, \u010drno vro\u010de, rde\u010de vro\u010de, samodejni izotermni, izotermni, mavri\u010dni in \u017eelezni<\/li>\n<\/ul>\n<p>Viper 50 Next zdru\u017euje natan\u010dno in\u017eenirstvo s tehnologijo, kar zagotavlja to\u010dnost v te\u017ekih pogojih. Njegov germanijev objektiv in senzor s 12-mikronskim korakom pikslov zagotavljata kakovostno sliko, uporabni\u0161ki vmesnik pa omogo\u010da enostavno uporabo.<\/p>\n<p>NiteHog Viper 50 Next je izbira za profesionalce in navdu\u0161ence.<\/p>\n","protected":false},"excerpt":{"rendered":"<p>Kompaktni termalni nastavek s 50-milimetrskim objektivom za zaznavanje na dolge razdalje.<\/p>\n","protected":false},"featured_media":72042,"template":"","meta":{"_acf_changed":false},"product_brand":[11603],"product_cat":[13459,13414],"product_tag":[],"class_list":{"0":"post-74310","1":"product","2":"type-product","3":"status-publish","4":"has-post-thumbnail","6":"product_brand-nitehog","7":"product_cat-meritev","8":"product_cat-termicni","10":"first","11":"instock","12":"taxable","13":"shipping-taxable","14":"purchasable","15":"product-type-simple"},"acf":[],"_links":{"self":[{"href":"https:\/\/staging.nbg.eu\/sl\/wp-json\/wp\/v2\/product\/74310","targetHints":{"allow":["GET"]}}],"collection":[{"href":"https:\/\/staging.nbg.eu\/sl\/wp-json\/wp\/v2\/product"}],"about":[{"href":"https:\/\/staging.nbg.eu\/sl\/wp-json\/wp\/v2\/types\/product"}],"wp:featuredmedia":[{"embeddable":true,"href":"https:\/\/staging.nbg.eu\/sl\/wp-json\/wp\/v2\/media\/72042"}],"wp:attachment":[{"href":"https:\/\/staging.nbg.eu\/sl\/wp-json\/wp\/v2\/media?parent=74310"}],"wp:term":[{"taxonomy":"product_brand","embeddable":true,"href":"https:\/\/staging.nbg.eu\/sl\/wp-json\/wp\/v2\/product_brand?post=74310"},{"taxonomy":"product_cat","embeddable":true,"href":"https:\/\/staging.nbg.eu\/sl\/wp-json\/wp\/v2\/product_cat?post=74310"},{"taxonomy":"product_tag","embeddable":true,"href":"https:\/\/staging.nbg.eu\/sl\/wp-json\/wp\/v2\/product_tag?post=74310"}],"curies":[{"name":"wp","href":"https:\/\/api.w.org\/{rel}","templated":true}]}}