{"id":74265,"date":"2024-10-18T20:29:49","date_gmt":"2024-10-18T20:29:49","guid":{"rendered":"https:\/\/staging.nbg.eu\/product\/sg-pulse-electronic-level-picatinny-m-lok\/"},"modified":"2024-10-30T09:03:49","modified_gmt":"2024-10-30T09:03:49","slug":"sg-pulse-elektronska-libela-picatinny-m-lok","status":"publish","type":"product","link":"https:\/\/staging.nbg.eu\/sl\/izdelek\/sg-pulse-elektronska-libela-picatinny-m-lok\/","title":{"rendered":"SG PULSE elektronska libela PICATINNY + M-LOK"},"content":{"rendered":"<h2>SG PULSE ELEKTRONSKA VODNA TEHTNICA PICATINNY + M-LOK<\/h2>\n<p>SG PULSE ELEKTRONSKA VODNA TEHTNICA zagotavlja navpi\u010dno poravnavo in odpravlja vodoravno odstopanje za natan\u010dne strele. Ima svetle LED diode za povratne informacije perifernega vida in mo\u017enosti prilagojene kalibracije.<\/p>\n<ul>\n<li>Digitalna vodna tehtnica proti nagibanju za popolno navpi\u010dno poravnavo<\/li>\n<li>Na\u010din stabilnosti prikazuje MOA za optimalno \u010dasovno usklajevanje spro\u017eilca<\/li>\n<li>Kosinusna indikacija za strele navzgor in navzdol<\/li>\n<li>Izravnava daljnogleda z enim dotikom<\/li>\n<li>Spremljanje \u010dasa prehoda za analizo zmogljivosti<\/li>\n<li>Kompaktna in trpe\u017ena zasnova<\/li>\n<li>Raznolike mo\u017enosti monta\u017ee (Picatinny in M-LOK)<\/li>\n<\/ul>\n<p>Zdru\u017eljiva z aplikacijo Drills za poglobljeno analizo stabilnosti in poti ustja. SG PULSE ELEKTRONSKA VODNA TEHTNICA izbolj\u0161a natan\u010dnost pu\u0161ke.<\/p>\n","protected":false},"excerpt":{"rendered":"<p>SG PULSE: Precizna elektronska vodna tehtnica za popolno poravnavo pu\u0161ke.<\/p>\n","protected":false},"featured_media":72670,"template":"","meta":{"_acf_changed":false},"product_brand":[],"product_cat":[13450],"product_tag":[],"class_list":{"0":"post-74265","1":"product","2":"type-product","3":"status-publish","4":"has-post-thumbnail","6":"product_cat-oprema","8":"first","9":"instock","10":"taxable","11":"shipping-taxable","12":"purchasable","13":"product-type-simple"},"acf":[],"_links":{"self":[{"href":"https:\/\/staging.nbg.eu\/sl\/wp-json\/wp\/v2\/product\/74265","targetHints":{"allow":["GET"]}}],"collection":[{"href":"https:\/\/staging.nbg.eu\/sl\/wp-json\/wp\/v2\/product"}],"about":[{"href":"https:\/\/staging.nbg.eu\/sl\/wp-json\/wp\/v2\/types\/product"}],"wp:featuredmedia":[{"embeddable":true,"href":"https:\/\/staging.nbg.eu\/sl\/wp-json\/wp\/v2\/media\/72670"}],"wp:attachment":[{"href":"https:\/\/staging.nbg.eu\/sl\/wp-json\/wp\/v2\/media?parent=74265"}],"wp:term":[{"taxonomy":"product_brand","embeddable":true,"href":"https:\/\/staging.nbg.eu\/sl\/wp-json\/wp\/v2\/product_brand?post=74265"},{"taxonomy":"product_cat","embeddable":true,"href":"https:\/\/staging.nbg.eu\/sl\/wp-json\/wp\/v2\/product_cat?post=74265"},{"taxonomy":"product_tag","embeddable":true,"href":"https:\/\/staging.nbg.eu\/sl\/wp-json\/wp\/v2\/product_tag?post=74265"}],"curies":[{"name":"wp","href":"https:\/\/api.w.org\/{rel}","templated":true}]}}