{"id":74243,"date":"2024-10-18T20:39:12","date_gmt":"2024-10-18T20:39:12","guid":{"rendered":"https:\/\/staging.nbg.eu\/product\/kmr-gun-oil-20ml\/"},"modified":"2024-10-30T09:00:25","modified_gmt":"2024-10-30T09:00:25","slug":"kmr-olje-za-orozje-20ml","status":"publish","type":"product","link":"https:\/\/staging.nbg.eu\/sl\/izdelek\/kmr-olje-za-orozje-20ml\/","title":{"rendered":"KMR OLJE ZA ORO\u017dJE 20ML"},"content":{"rendered":"<div class=\"product-description\">\n<h2>KMR OLJE ZA ORO\u017dJE 20ML<\/h2>\n<p>KMR OLJE ZA ORO\u017dJE 20ML je sinteti\u010dno olje za vzdr\u017eevanje in za\u0161\u010dito strelnega oro\u017eja. To olje je namenjeno zmanj\u0161evanju trenja in obrabe ter zagotavlja nemoteno in u\u010dinkovito delovanje strelnega oro\u017eja.<\/p>\n<ul>\n<li>Sinteti\u010dna formula<\/li>\n<li>Zmanj\u0161uje trenje in obrabo<\/li>\n<li>Podalj\u0161uje \u017eivljenjsko dobo oro\u017eja<\/li>\n<li>Izbolj\u0161uje splo\u0161no delovanje<\/li>\n<li>Primerno za vse vrste strelnega oro\u017eja<\/li>\n<\/ul>\n<p>KMR OLJE ZA ORO\u017dJE je na voljo v 20ml embala\u017ei, ki je priro\u010dna za uporabo in prena\u0161anje. Ta kompaktna stekleni\u010dka omogo\u010da, da imate vedno pri roki primerno koli\u010dino olja za hitro vzdr\u017eevanje.<\/p>\n<p>KMR OLJE ZA ORO\u017dJE 20ML pomaga ohranjati va\u0161e strelno oro\u017eje v dobrem stanju.<\/p>\n<\/div>\n","protected":false},"excerpt":{"rendered":"<p>Posebno sinteti\u010dno olje KMR za pu\u0161ke za zmanj\u0161anje trenja in obrabe.<\/p>\n","protected":false},"featured_media":72881,"template":"","meta":{"_acf_changed":false},"product_brand":[11509],"product_cat":[13464,13452],"product_tag":[],"class_list":{"0":"post-74243","1":"product","2":"type-product","3":"status-publish","4":"has-post-thumbnail","6":"product_brand-kmr-precision","7":"product_cat-ciscenje-orozja","8":"product_cat-maziva","10":"first","11":"instock","12":"taxable","13":"shipping-taxable","14":"purchasable","15":"product-type-simple"},"acf":[],"_links":{"self":[{"href":"https:\/\/staging.nbg.eu\/sl\/wp-json\/wp\/v2\/product\/74243","targetHints":{"allow":["GET"]}}],"collection":[{"href":"https:\/\/staging.nbg.eu\/sl\/wp-json\/wp\/v2\/product"}],"about":[{"href":"https:\/\/staging.nbg.eu\/sl\/wp-json\/wp\/v2\/types\/product"}],"wp:featuredmedia":[{"embeddable":true,"href":"https:\/\/staging.nbg.eu\/sl\/wp-json\/wp\/v2\/media\/72881"}],"wp:attachment":[{"href":"https:\/\/staging.nbg.eu\/sl\/wp-json\/wp\/v2\/media?parent=74243"}],"wp:term":[{"taxonomy":"product_brand","embeddable":true,"href":"https:\/\/staging.nbg.eu\/sl\/wp-json\/wp\/v2\/product_brand?post=74243"},{"taxonomy":"product_cat","embeddable":true,"href":"https:\/\/staging.nbg.eu\/sl\/wp-json\/wp\/v2\/product_cat?post=74243"},{"taxonomy":"product_tag","embeddable":true,"href":"https:\/\/staging.nbg.eu\/sl\/wp-json\/wp\/v2\/product_tag?post=74243"}],"curies":[{"name":"wp","href":"https:\/\/api.w.org\/{rel}","templated":true}]}}