{"id":74221,"date":"2024-10-18T20:28:40","date_gmt":"2024-10-30T08:48:50","guid":{"rendered":"https:\/\/staging.nbg.eu\/product\/extractor-l-02-40sw-kmr\/"},"modified":"2024-10-30T08:50:17","modified_gmt":"2024-10-30T08:50:17","slug":"ekstraktor-l-02-40sw-kmr","status":"publish","type":"product","link":"https:\/\/staging.nbg.eu\/sl\/izdelek\/ekstraktor-l-02-40sw-kmr\/","title":{"rendered":"Ekstraktor L-02 .40SW &#8211; KMR"},"content":{"rendered":"<div class=\"product-description\">\n<h2>Izvle\u010dnik L-02 .40SW &#8211; KMR<\/h2>\n<p>Izbolj\u0161ajte delovanje va\u0161e pi\u0161tole KMR L-02 s tem izvle\u010dnikom. Zasnovan je za kaliber .40 S&amp;W in zagotavlja zanesljivo izvle\u010denje in delovanje. Izdelan je iz trpe\u017enih materialov in je namenjen intenzivni uporabi. Ta sestavni del izbolj\u0161a natan\u010dnost in zanesljivost va\u0161ega strelnega oro\u017eja.<\/p>\n<\/div>\n","protected":false},"excerpt":{"rendered":"<p>Precizni ekstraktor za 40 S&amp;W za pi\u0161tolo KMR L-02.<\/p>\n","protected":false},"featured_media":72600,"template":"","meta":{"_acf_changed":false},"product_brand":[],"product_cat":[13435],"product_tag":[],"class_list":{"0":"post-74221","1":"product","2":"type-product","3":"status-publish","4":"has-post-thumbnail","6":"product_cat-kmr-deli","8":"first","9":"instock","10":"taxable","11":"shipping-taxable","12":"purchasable","13":"product-type-simple"},"acf":[],"_links":{"self":[{"href":"https:\/\/staging.nbg.eu\/sl\/wp-json\/wp\/v2\/product\/74221","targetHints":{"allow":["GET"]}}],"collection":[{"href":"https:\/\/staging.nbg.eu\/sl\/wp-json\/wp\/v2\/product"}],"about":[{"href":"https:\/\/staging.nbg.eu\/sl\/wp-json\/wp\/v2\/types\/product"}],"wp:featuredmedia":[{"embeddable":true,"href":"https:\/\/staging.nbg.eu\/sl\/wp-json\/wp\/v2\/media\/72600"}],"wp:attachment":[{"href":"https:\/\/staging.nbg.eu\/sl\/wp-json\/wp\/v2\/media?parent=74221"}],"wp:term":[{"taxonomy":"product_brand","embeddable":true,"href":"https:\/\/staging.nbg.eu\/sl\/wp-json\/wp\/v2\/product_brand?post=74221"},{"taxonomy":"product_cat","embeddable":true,"href":"https:\/\/staging.nbg.eu\/sl\/wp-json\/wp\/v2\/product_cat?post=74221"},{"taxonomy":"product_tag","embeddable":true,"href":"https:\/\/staging.nbg.eu\/sl\/wp-json\/wp\/v2\/product_tag?post=74221"}],"curies":[{"name":"wp","href":"https:\/\/api.w.org\/{rel}","templated":true}]}}