{"id":74199,"date":"2024-10-20T09:56:58","date_gmt":"2024-10-30T08:45:56","guid":{"rendered":"https:\/\/staging.nbg.eu\/product\/holosun-hs-mount-aems-low\/"},"modified":"2024-10-30T08:47:25","modified_gmt":"2024-10-30T08:47:25","slug":"holosun-hs-mount-aems-low","status":"publish","type":"product","link":"https:\/\/staging.nbg.eu\/sl\/izdelek\/holosun-hs-mount-aems-low\/","title":{"rendered":"Holosun HS-MOUNT-AEMS-LOW"},"content":{"rendered":"<h2>Holosun HS-MOUNT-AEMS-LOW<\/h2>\n<p>Holosun HS-MOUNT-AEMS-LOW je nizkoprofilno podno\u017eje, zasnovano za AEMS rde\u010de-to\u010dkovni merek. To aluminijasto podno\u017eje je namenjeno uporabi na strelnem oro\u017eju s konvencionalnimi kopiti.<\/p>\n<h2>Klju\u010dne lastnosti:<\/h2>\n<ul>\n<li>Zdru\u017eljivo s Picatinny\/Weaver vodili<\/li>\n<li>Nizkoprofilna zasnova za optimalno poravnavo merka<\/li>\n<li>Hitra namestitev z uporabo Torx klju\u010da<\/li>\n<li>Lahka in trpe\u017ena aluminijasta konstrukcija<\/li>\n<li>Ponovljiva natan\u010dnost<\/li>\n<\/ul>\n<h2>Specifikacije:<\/h2>\n<ul>\n<li>Dimenzije: 50x35x11 mm<\/li>\n<li>Te\u017ea: 34g<\/li>\n<li>Barva: \u010crna<\/li>\n<li>Delovna temperatura: -30\u00b0C do 60\u00b0C<\/li>\n<li>Temperatura shranjevanja: -40\u00b0C do 70\u00b0C<\/li>\n<\/ul>\n<p>Holosun HS-MOUNT-AEMS-LOW je zasnovan za natan\u010dnost in zanesljivost v razli\u010dnih pogojih.<\/p>\n","protected":false},"excerpt":{"rendered":"<p>Izjemno trpe\u017eno aluminijasto dr\u017ealo za rde\u010de pike Holosun AEMS.<\/p>\n","protected":false},"featured_media":73345,"template":"","meta":{"_acf_changed":false},"product_brand":[11440],"product_cat":[13459,13460],"product_tag":[],"class_list":{"0":"post-74199","1":"product","2":"type-product","3":"status-publish","4":"has-post-thumbnail","6":"product_brand-holosun","7":"product_cat-meritev","8":"product_cat-rdece-pike","10":"first","11":"instock","12":"taxable","13":"shipping-taxable","14":"purchasable","15":"product-type-simple"},"acf":[],"_links":{"self":[{"href":"https:\/\/staging.nbg.eu\/sl\/wp-json\/wp\/v2\/product\/74199","targetHints":{"allow":["GET"]}}],"collection":[{"href":"https:\/\/staging.nbg.eu\/sl\/wp-json\/wp\/v2\/product"}],"about":[{"href":"https:\/\/staging.nbg.eu\/sl\/wp-json\/wp\/v2\/types\/product"}],"wp:featuredmedia":[{"embeddable":true,"href":"https:\/\/staging.nbg.eu\/sl\/wp-json\/wp\/v2\/media\/73345"}],"wp:attachment":[{"href":"https:\/\/staging.nbg.eu\/sl\/wp-json\/wp\/v2\/media?parent=74199"}],"wp:term":[{"taxonomy":"product_brand","embeddable":true,"href":"https:\/\/staging.nbg.eu\/sl\/wp-json\/wp\/v2\/product_brand?post=74199"},{"taxonomy":"product_cat","embeddable":true,"href":"https:\/\/staging.nbg.eu\/sl\/wp-json\/wp\/v2\/product_cat?post=74199"},{"taxonomy":"product_tag","embeddable":true,"href":"https:\/\/staging.nbg.eu\/sl\/wp-json\/wp\/v2\/product_tag?post=74199"}],"curies":[{"name":"wp","href":"https:\/\/api.w.org\/{rel}","templated":true}]}}