{"id":74177,"date":"2024-10-18T20:15:25","date_gmt":"2024-10-30T08:39:34","guid":{"rendered":"https:\/\/staging.nbg.eu\/product\/nitehog-sight-spot-hog-red-dot\/"},"modified":"2024-10-30T08:41:07","modified_gmt":"2024-10-30T08:41:07","slug":"nitehog-sight-spot-hog-rdeca-pika","status":"publish","type":"product","link":"https:\/\/staging.nbg.eu\/sl\/izdelek\/nitehog-sight-spot-hog-rdeca-pika\/","title":{"rendered":"NiteHog Sight Spot Hog Rdeca Pika"},"content":{"rendered":"<div class=\"product-description\">\n<h2>NiteHog Sight Spot Hog rde\u010da pika<\/h2>\n<p>Spot Hog rde\u010da pika je 1x17x24 optika brez paralakse. Ima 3MOA piko z 8 stopnjami svetlosti in 2 nastavitvama za no\u010dni vid.<\/p>\n<ul>\n<li>Odporen na udarce in vodoodporen (IPX6)<\/li>\n<li>Zdru\u017eljiv s strelivom 9mm, 45ACP, 12GA in Lapua Magnum 338<\/li>\n<li>Tanek, nizkoprofilni dizajn brez zatikanja<\/li>\n<li>Samodejni izklop po 2 minutah neaktivnosti<\/li>\n<li>50.000 ur \u017eivljenjske dobe baterije pri najni\u017eji nastavitvi (baterija CR2032, ni prilo\u017eena)<\/li>\n<li>Weaver pritrditev za enostavno namestitev<\/li>\n<\/ul>\n<p>Spot Hog je kompakten in zanesljiv pripomo\u010dek za izbolj\u0161ano natan\u010dnost.<\/p>\n<\/div>\n","protected":false},"excerpt":{"rendered":"<p>Vzdr\u017eljiv, brezvzporedni 1x17x24 rde\u010di pik s senzorjem z 8 stopnjami intenzivnosti.<\/p>\n","protected":false},"featured_media":72553,"template":"","meta":{"_acf_changed":false},"product_brand":[11603],"product_cat":[13459,13493,13460],"product_tag":[],"class_list":{"0":"post-74177","1":"product","2":"type-product","3":"status-publish","4":"has-post-thumbnail","6":"product_brand-nitehog","7":"product_cat-meritev","8":"product_cat-pistne-pike-za-puske","9":"product_cat-rdece-pike","11":"first","12":"instock","13":"taxable","14":"shipping-taxable","15":"purchasable","16":"product-type-simple"},"acf":[],"_links":{"self":[{"href":"https:\/\/staging.nbg.eu\/sl\/wp-json\/wp\/v2\/product\/74177","targetHints":{"allow":["GET"]}}],"collection":[{"href":"https:\/\/staging.nbg.eu\/sl\/wp-json\/wp\/v2\/product"}],"about":[{"href":"https:\/\/staging.nbg.eu\/sl\/wp-json\/wp\/v2\/types\/product"}],"wp:featuredmedia":[{"embeddable":true,"href":"https:\/\/staging.nbg.eu\/sl\/wp-json\/wp\/v2\/media\/72553"}],"wp:attachment":[{"href":"https:\/\/staging.nbg.eu\/sl\/wp-json\/wp\/v2\/media?parent=74177"}],"wp:term":[{"taxonomy":"product_brand","embeddable":true,"href":"https:\/\/staging.nbg.eu\/sl\/wp-json\/wp\/v2\/product_brand?post=74177"},{"taxonomy":"product_cat","embeddable":true,"href":"https:\/\/staging.nbg.eu\/sl\/wp-json\/wp\/v2\/product_cat?post=74177"},{"taxonomy":"product_tag","embeddable":true,"href":"https:\/\/staging.nbg.eu\/sl\/wp-json\/wp\/v2\/product_tag?post=74177"}],"curies":[{"name":"wp","href":"https:\/\/api.w.org\/{rel}","templated":true}]}}