{"id":74131,"date":"2024-10-18T19:20:25","date_gmt":"2024-10-29T10:07:16","guid":{"rendered":"https:\/\/staging.nbg.eu\/product\/casio-prw-61y-3er\/"},"modified":"2024-10-29T10:08:41","modified_gmt":"2024-10-29T10:08:41","slug":"casio-prw-61y-3er","status":"publish","type":"product","link":"https:\/\/staging.nbg.eu\/sl\/izdelek\/casio-prw-61y-3er\/","title":{"rendered":"Casio PRW-61Y-3ER"},"content":{"rendered":"<div class=\"product-description\">\n<h2>Casio PRW-61Y-3ER: Okolju prijazna ura za zunanje aktivnosti<\/h2>\n<p>PRO TREK PRW-61Y-3ER je prva Casio ura, ki v ohi\u0161ju in pasu uporablja okolju prijazne biomateriale. Ta ura zdru\u017euje trajnost z vzdr\u017eljivostjo, nudi odpornost na intenzivno uporabo in udobje.<\/p>\n<ul>\n<li>Okolju prijazni biomateriali iz ricinusovih semen in koruze<\/li>\n<li>\u0160tevil\u010dnica z belimi oznakami za bolj\u0161o vidljivost<\/li>\n<li>Trojni senzor: digitalni kompas, barometer\/vi\u0161inomer in termometer<\/li>\n<li>Multi Band 6 radijsko kontrolirano merjenje \u010dasa<\/li>\n<li>Tough Solar napajalni sistem<\/li>\n<li>Super Illuminator z dvojno LED svetlobo<\/li>\n<li>Udoben pas iz uretana<\/li>\n<li>Obro\u010d iz nerjave\u010dega jekla z vgravirnimi kodami mest<\/li>\n<li>Kompaktna zasnova za neovirano gibanje zapestja<\/li>\n<\/ul>\n<p>PRW-61Y-3ER je primerna za ljubitelje zunanjih aktivnosti, ki cenijo zmogljivost in okoljsko odgovornost.<\/p>\n<\/div>\n","protected":false},"excerpt":{"rendered":"<p>&#8220;Okolju prijazna ura PRO TREK z biomaso plastike in funkcijami za uporabo na prostem.&#8221;<\/p>\n","protected":false},"featured_media":71880,"template":"","meta":{"_acf_changed":false},"product_brand":[11204],"product_cat":[13473],"product_tag":[],"class_list":{"0":"post-74131","1":"product","2":"type-product","3":"status-publish","4":"has-post-thumbnail","6":"product_brand-casio","7":"product_cat-edc","9":"first","10":"instock","11":"taxable","12":"shipping-taxable","13":"purchasable","14":"product-type-simple"},"acf":[],"_links":{"self":[{"href":"https:\/\/staging.nbg.eu\/sl\/wp-json\/wp\/v2\/product\/74131","targetHints":{"allow":["GET"]}}],"collection":[{"href":"https:\/\/staging.nbg.eu\/sl\/wp-json\/wp\/v2\/product"}],"about":[{"href":"https:\/\/staging.nbg.eu\/sl\/wp-json\/wp\/v2\/types\/product"}],"wp:featuredmedia":[{"embeddable":true,"href":"https:\/\/staging.nbg.eu\/sl\/wp-json\/wp\/v2\/media\/71880"}],"wp:attachment":[{"href":"https:\/\/staging.nbg.eu\/sl\/wp-json\/wp\/v2\/media?parent=74131"}],"wp:term":[{"taxonomy":"product_brand","embeddable":true,"href":"https:\/\/staging.nbg.eu\/sl\/wp-json\/wp\/v2\/product_brand?post=74131"},{"taxonomy":"product_cat","embeddable":true,"href":"https:\/\/staging.nbg.eu\/sl\/wp-json\/wp\/v2\/product_cat?post=74131"},{"taxonomy":"product_tag","embeddable":true,"href":"https:\/\/staging.nbg.eu\/sl\/wp-json\/wp\/v2\/product_tag?post=74131"}],"curies":[{"name":"wp","href":"https:\/\/api.w.org\/{rel}","templated":true}]}}