{"id":74087,"date":"2024-10-18T18:54:11","date_gmt":"2024-10-29T10:02:31","guid":{"rendered":"https:\/\/staging.nbg.eu\/product\/casio-prg-270-1er\/"},"modified":"2024-10-29T10:03:57","modified_gmt":"2024-10-29T10:03:57","slug":"casio-prg-270-1er","status":"publish","type":"product","link":"https:\/\/staging.nbg.eu\/sl\/izdelek\/casio-prg-270-1er\/","title":{"rendered":"Casio PRG-270-1ER"},"content":{"rendered":"<div class=\"product-description\">\n<h2>Casio PRG-270-1ER: Ura za zunanjo uporabo<\/h2>\n<p>Casio PRG-270-1ER ima Triple Sensor Version 3. Ta kompaktni model PRO TREK zagotavlja natan\u010dne meritve nadmorske vi\u0161ine, zra\u010dnega tlaka in smeri.<\/p>\n<ul>\n<li>Solarno napajanje<\/li>\n<li>Trojni senzor: Kompas, Barometer\/Termometer, Vi\u0161inomer<\/li>\n<li>Odporen na nizke temperature (-10\u00baC\/14\u00baF)<\/li>\n<li>Vodoodporen do 100 metrov<\/li>\n<li>Alarm za trend zra\u010dnega tlaka<\/li>\n<li>Veliki stranski gumbi<\/li>\n<li>Prikaz \u010dasa son\u010dnega vzhoda\/zahoda<\/li>\n<li>Samodejno pri\u017eiganje lu\u010dke v temi<\/li>\n<\/ul>\n<p>Ta ura je namenjena za uporabo na prostem. Casio PRG-270-1ER je primeren za razli\u010dne aktivnosti v naravi.<\/p>\n<\/div>\n","protected":false},"excerpt":{"rendered":"<p>Robustna zunanja ura s trojnim senzorjem in solarnim napajanjem Tough Solar.<\/p>\n","protected":false},"featured_media":71533,"template":"","meta":{"_acf_changed":false},"product_brand":[11213],"product_cat":[13473],"product_tag":[],"class_list":{"0":"post-74087","1":"product","2":"type-product","3":"status-publish","4":"has-post-thumbnail","6":"product_brand-casio","7":"product_cat-edc","9":"first","10":"instock","11":"taxable","12":"shipping-taxable","13":"purchasable","14":"product-type-simple"},"acf":[],"_links":{"self":[{"href":"https:\/\/staging.nbg.eu\/sl\/wp-json\/wp\/v2\/product\/74087","targetHints":{"allow":["GET"]}}],"collection":[{"href":"https:\/\/staging.nbg.eu\/sl\/wp-json\/wp\/v2\/product"}],"about":[{"href":"https:\/\/staging.nbg.eu\/sl\/wp-json\/wp\/v2\/types\/product"}],"wp:featuredmedia":[{"embeddable":true,"href":"https:\/\/staging.nbg.eu\/sl\/wp-json\/wp\/v2\/media\/71533"}],"wp:attachment":[{"href":"https:\/\/staging.nbg.eu\/sl\/wp-json\/wp\/v2\/media?parent=74087"}],"wp:term":[{"taxonomy":"product_brand","embeddable":true,"href":"https:\/\/staging.nbg.eu\/sl\/wp-json\/wp\/v2\/product_brand?post=74087"},{"taxonomy":"product_cat","embeddable":true,"href":"https:\/\/staging.nbg.eu\/sl\/wp-json\/wp\/v2\/product_cat?post=74087"},{"taxonomy":"product_tag","embeddable":true,"href":"https:\/\/staging.nbg.eu\/sl\/wp-json\/wp\/v2\/product_tag?post=74087"}],"curies":[{"name":"wp","href":"https:\/\/api.w.org\/{rel}","templated":true}]}}