{"id":74065,"date":"2024-10-16T20:20:06","date_gmt":"2024-10-29T09:58:17","guid":{"rendered":"https:\/\/staging.nbg.eu\/product\/izdelek-6\/"},"modified":"2024-10-29T09:58:37","modified_gmt":"2024-10-29T09:58:37","slug":"casio-gba-900uu-5aer","status":"publish","type":"product","link":"https:\/\/staging.nbg.eu\/sl\/izdelek\/casio-gba-900uu-5aer\/","title":{"rendered":"Casio GBA-900UU-5AER"},"content":{"rendered":"<h2>Casio GBA-900UU-5AER: Ura za mestni trening<\/h2>\n<p>Casio GBA-900UU-5AER je G-SQUAD ura, ki zdru\u017euje mestni slog z naprednimi funkcijami za trening.<\/p>\n<ul>\n<li>Natan\u010dno merjenje razdalje s \u0161tetjem korakov in GPS prilagoditvijo<\/li>\n<li>Kombinirani zaslon, ki prikazuje \u010das in meritve<\/li>\n<li>Ergonomska zasnova z izbolj\u0161ano uporabnostjo in prezra\u010devanjem<\/li>\n<li>Ve\u010dfunkcijski digitalni zaslon z grafom intenzivnosti vadbe<\/li>\n<li>Celovite meritve teka, vklju\u010dno z razdaljo, hitrostjo in tempom<\/li>\n<li>Samodejno sledenje korakom z dnevnim kazalnikom napredka<\/li>\n<li>Intervalni \u010dasovnik z integracijo pametnega telefona<\/li>\n<li>Super Illuminator dvojna LED lu\u010d za bolj\u0161o vidljivost<\/li>\n<\/ul>\n<p>Casio GBA-900UU-5AER zdru\u017euje slog in funkcionalnost ter je primeren za mestne dogodiv\u0161\u010dine in vadbo na prostem.<\/p>\n","protected":false},"excerpt":{"rendered":"<p>\u0160portna ura G-SQUAD z urbanim slogom, spremljanjem telesne pripravljenosti in LED lu\u010dko.<\/p>\n","protected":false},"featured_media":71300,"template":"","meta":{"_acf_changed":false},"product_brand":[11213],"product_cat":[13473],"product_tag":[],"class_list":{"0":"post-74065","1":"product","2":"type-product","3":"status-publish","4":"has-post-thumbnail","6":"product_brand-casio","7":"product_cat-edc","9":"first","10":"instock","11":"taxable","12":"shipping-taxable","13":"purchasable","14":"product-type-simple"},"acf":[],"_links":{"self":[{"href":"https:\/\/staging.nbg.eu\/sl\/wp-json\/wp\/v2\/product\/74065","targetHints":{"allow":["GET"]}}],"collection":[{"href":"https:\/\/staging.nbg.eu\/sl\/wp-json\/wp\/v2\/product"}],"about":[{"href":"https:\/\/staging.nbg.eu\/sl\/wp-json\/wp\/v2\/types\/product"}],"wp:featuredmedia":[{"embeddable":true,"href":"https:\/\/staging.nbg.eu\/sl\/wp-json\/wp\/v2\/media\/71300"}],"wp:attachment":[{"href":"https:\/\/staging.nbg.eu\/sl\/wp-json\/wp\/v2\/media?parent=74065"}],"wp:term":[{"taxonomy":"product_brand","embeddable":true,"href":"https:\/\/staging.nbg.eu\/sl\/wp-json\/wp\/v2\/product_brand?post=74065"},{"taxonomy":"product_cat","embeddable":true,"href":"https:\/\/staging.nbg.eu\/sl\/wp-json\/wp\/v2\/product_cat?post=74065"},{"taxonomy":"product_tag","embeddable":true,"href":"https:\/\/staging.nbg.eu\/sl\/wp-json\/wp\/v2\/product_tag?post=74065"}],"curies":[{"name":"wp","href":"https:\/\/api.w.org\/{rel}","templated":true}]}}