{"id":74039,"date":"2024-10-16T20:26:30","date_gmt":"2024-10-25T14:30:16","guid":{"rendered":"https:\/\/staging.nbg.eu\/product\/casio-gbdh2000-1aer\/"},"modified":"2024-10-25T14:31:36","modified_gmt":"2024-10-25T14:31:36","slug":"casio-gbdh2000-1aer","status":"publish","type":"product","link":"https:\/\/staging.nbg.eu\/sl\/izdelek\/casio-gbdh2000-1aer\/","title":{"rendered":"Casio GBDH2000-1AER"},"content":{"rendered":"<h2>Casio GBDH2000-1AER: Ura za spremljanje telesne pripravljenosti<\/h2>\n<p>Casio GBDH2000-1AER ima 6 senzorjev in GPS funkcionalnost. Ta ura natan\u010dno spremlja va\u0161o fizi\u010dno aktivnost v realnem \u010dasu za 8 razli\u010dnih \u0161portov, vklju\u010dno s tekom, kolesarjenjem in plavanjem.<\/p>\n<ul>\n<li>Meri razdaljo, hitrost, \u010das, tempo, sr\u010dni utrip in porabljene kalorije<\/li>\n<li>Meri raven kisika v krvi<\/li>\n<li>Dvojni okvirni dizajn za udobje in enostavno uporabo<\/li>\n<li>Solarno podprto polnjenje za dalj\u0161o \u017eivljenjsko dobo baterije<\/li>\n<li>Pametne funkcije vklju\u010dujejo obvestila in svetovni \u010das za 300 mest<\/li>\n<\/ul>\n<p>GBDH2000-1AER je izdelan iz okolju prijazne biomase plastike. Ura zdru\u017euje tehnologijo z okoljsko zavestjo. Primerna je za \u0161portnike in ljudi, ki se ukvarjajo s fitnesom.<\/p>\n","protected":false},"excerpt":{"rendered":"<p>\u0160portna ura z vgrajenim GPS-om in 6 senzorji, ki spremlja 8 aktivnosti.<\/p>\n","protected":false},"featured_media":71417,"template":"","meta":{"_acf_changed":false},"product_brand":[11213],"product_cat":[13473],"product_tag":[],"class_list":{"0":"post-74039","1":"product","2":"type-product","3":"status-publish","4":"has-post-thumbnail","6":"product_brand-casio","7":"product_cat-edc","9":"first","10":"instock","11":"taxable","12":"shipping-taxable","13":"purchasable","14":"product-type-simple"},"acf":[],"_links":{"self":[{"href":"https:\/\/staging.nbg.eu\/sl\/wp-json\/wp\/v2\/product\/74039","targetHints":{"allow":["GET"]}}],"collection":[{"href":"https:\/\/staging.nbg.eu\/sl\/wp-json\/wp\/v2\/product"}],"about":[{"href":"https:\/\/staging.nbg.eu\/sl\/wp-json\/wp\/v2\/types\/product"}],"wp:featuredmedia":[{"embeddable":true,"href":"https:\/\/staging.nbg.eu\/sl\/wp-json\/wp\/v2\/media\/71417"}],"wp:attachment":[{"href":"https:\/\/staging.nbg.eu\/sl\/wp-json\/wp\/v2\/media?parent=74039"}],"wp:term":[{"taxonomy":"product_brand","embeddable":true,"href":"https:\/\/staging.nbg.eu\/sl\/wp-json\/wp\/v2\/product_brand?post=74039"},{"taxonomy":"product_cat","embeddable":true,"href":"https:\/\/staging.nbg.eu\/sl\/wp-json\/wp\/v2\/product_cat?post=74039"},{"taxonomy":"product_tag","embeddable":true,"href":"https:\/\/staging.nbg.eu\/sl\/wp-json\/wp\/v2\/product_tag?post=74039"}],"curies":[{"name":"wp","href":"https:\/\/api.w.org\/{rel}","templated":true}]}}