{"id":74017,"date":"2024-01-30T18:02:27","date_gmt":"2024-01-30T18:02:27","guid":{"rendered":"https:\/\/staging.nbg.eu\/product\/holosun-hs403b\/"},"modified":"2024-10-25T14:26:35","modified_gmt":"2024-10-25T14:26:35","slug":"holosun-hs403b","status":"publish","type":"product","link":"https:\/\/staging.nbg.eu\/sl\/izdelek\/holosun-hs403b\/","title":{"rendered":"Holosun HS403B"},"content":{"rendered":"<div class=\"product-description\">\n<h2>Holosun HS403B mikroskopski rde\u010di pik<\/h2>\n<p>Holosun HS403B je kompaktni 20mm mikroskopski merek, primeren za pu\u0161ke in karabinke. Zna\u010dilnosti:<\/p>\n<ul>\n<li>Rde\u010da super LED z 50.000 urami \u017eivljenjske dobe baterije<\/li>\n<li>10 dnevnih in 2 nastavitvi mre\u017eice, zdru\u017eljivi z no\u010dnim vidom<\/li>\n<li>Ohi\u0161je iz aluminija 6061<\/li>\n<li>Prilo\u017eena monta\u017ea za spodnjo 1\/3 so-pogled (1,63&#8243;) in nizka monta\u017ea (0,75&#8243;)<\/li>\n<li>Tehnologija Shake Awake za podalj\u0161ano \u017eivljenjsko dobo baterije<\/li>\n<li>Digitalni gumbi za enostavno prilagajanje<\/li>\n<li>Gumijasti pokrovi le\u010d za za\u0161\u010dito<\/li>\n<li>Stranski predal za baterijo 2032 za priro\u010dno menjavo<\/li>\n<\/ul>\n<p>HS403B je primeren za strelce vseh ravni. Vodoodporen po standardu IP67 in sposoben prenesti 1000G vibracij, ta merek je zasnovan za delovanje v vseh pogojih.<\/p>\n<\/div>\n","protected":false},"excerpt":{"rendered":"<p>Kompaktni 20-milimetrski rde\u010di pik z 50.000-urno \u017eivljenjsko dobo baterije in prilagodljivim name\u0161\u010danjem.<\/p>\n","protected":false},"featured_media":72275,"template":"","meta":{"_acf_changed":false},"product_brand":[11440],"product_cat":[13459,13493,13460],"product_tag":[],"class_list":{"0":"post-74017","1":"product","2":"type-product","3":"status-publish","4":"has-post-thumbnail","6":"product_brand-holosun","7":"product_cat-meritev","8":"product_cat-pistne-pike-za-puske","9":"product_cat-rdece-pike","11":"first","12":"instock","13":"taxable","14":"shipping-taxable","15":"purchasable","16":"product-type-simple"},"acf":[],"_links":{"self":[{"href":"https:\/\/staging.nbg.eu\/sl\/wp-json\/wp\/v2\/product\/74017","targetHints":{"allow":["GET"]}}],"collection":[{"href":"https:\/\/staging.nbg.eu\/sl\/wp-json\/wp\/v2\/product"}],"about":[{"href":"https:\/\/staging.nbg.eu\/sl\/wp-json\/wp\/v2\/types\/product"}],"wp:featuredmedia":[{"embeddable":true,"href":"https:\/\/staging.nbg.eu\/sl\/wp-json\/wp\/v2\/media\/72275"}],"wp:attachment":[{"href":"https:\/\/staging.nbg.eu\/sl\/wp-json\/wp\/v2\/media?parent=74017"}],"wp:term":[{"taxonomy":"product_brand","embeddable":true,"href":"https:\/\/staging.nbg.eu\/sl\/wp-json\/wp\/v2\/product_brand?post=74017"},{"taxonomy":"product_cat","embeddable":true,"href":"https:\/\/staging.nbg.eu\/sl\/wp-json\/wp\/v2\/product_cat?post=74017"},{"taxonomy":"product_tag","embeddable":true,"href":"https:\/\/staging.nbg.eu\/sl\/wp-json\/wp\/v2\/product_tag?post=74017"}],"curies":[{"name":"wp","href":"https:\/\/api.w.org\/{rel}","templated":true}]}}