{"id":73995,"date":"2024-10-18T20:01:13","date_gmt":"2024-10-18T20:01:13","guid":{"rendered":"https:\/\/staging.nbg.eu\/product\/holosun-hs515cm-red-dot-sight\/"},"modified":"2024-10-25T14:24:57","modified_gmt":"2024-10-25T14:24:57","slug":"holosun-hs515cm-rdeca-pika-merilnik","status":"publish","type":"product","link":"https:\/\/staging.nbg.eu\/sl\/izdelek\/holosun-hs515cm-rdeca-pika-merilnik\/","title":{"rendered":"Holosun HS515CM &#8211; Rdeca Pika Merilnik"},"content":{"rendered":"<div class=\"product-description\">\n<h2>Holosun HS515CM &#8211; Rde\u010da to\u010dkovna pika<\/h2>\n<p>HS515CM je 20 mm mikro merek za pu\u0161ke in karabinke. Izdelan iz aluminija 7075 in ima naslednje lastnosti:<\/p>\n<ul>\n<li>Prozorni, snemljivi\/vrtljivi pokrov\u010dki le\u010d<\/li>\n<li>QD spodnja 1\/3 so-opazovalna monta\u017ea (1,63&#8243;)<\/li>\n<li>IP68 vodotesna in pra\u0161na ocena<\/li>\n<li>Solarna tehnologija<\/li>\n<li>Sistem z ve\u010d mre\u017eicami z rde\u010do super LED<\/li>\n<li>10 dnevnih in 2 no\u010dni nastavitvi vida<\/li>\n<li>Tehnologija prebujanja s tresenjem<\/li>\n<li>Do 50.000 ur \u017eivljenjske dobe baterije<\/li>\n<li>Zamenjava baterije na strani brez orodja<\/li>\n<\/ul>\n<p>HS515CM je zasnovan za \u0161portno in profesionalno uporabo, ponuja prilagoditve 0,5 MOA in \u00b150 MOA obmo\u010dje potovanja. Izdelan je za vzdr\u017eljivost v ekstremnih temperaturah in 1000G vibracijah.<\/p>\n<\/div>\n","protected":false},"excerpt":{"rendered":"<p>Trpe\u017een 20-milimetrski mikro rde\u010di dot merek za pu\u0161ke, na son\u010dno energijo, vodoodporen.<\/p>\n","protected":false},"featured_media":72414,"template":"","meta":{"_acf_changed":false},"product_brand":[11440],"product_cat":[13459,13493,13460],"product_tag":[],"class_list":{"0":"post-73995","1":"product","2":"type-product","3":"status-publish","4":"has-post-thumbnail","6":"product_brand-holosun","7":"product_cat-meritev","8":"product_cat-pistne-pike-za-puske","9":"product_cat-rdece-pike","11":"first","12":"instock","13":"taxable","14":"shipping-taxable","15":"purchasable","16":"product-type-simple"},"acf":[],"_links":{"self":[{"href":"https:\/\/staging.nbg.eu\/sl\/wp-json\/wp\/v2\/product\/73995","targetHints":{"allow":["GET"]}}],"collection":[{"href":"https:\/\/staging.nbg.eu\/sl\/wp-json\/wp\/v2\/product"}],"about":[{"href":"https:\/\/staging.nbg.eu\/sl\/wp-json\/wp\/v2\/types\/product"}],"wp:featuredmedia":[{"embeddable":true,"href":"https:\/\/staging.nbg.eu\/sl\/wp-json\/wp\/v2\/media\/72414"}],"wp:attachment":[{"href":"https:\/\/staging.nbg.eu\/sl\/wp-json\/wp\/v2\/media?parent=73995"}],"wp:term":[{"taxonomy":"product_brand","embeddable":true,"href":"https:\/\/staging.nbg.eu\/sl\/wp-json\/wp\/v2\/product_brand?post=73995"},{"taxonomy":"product_cat","embeddable":true,"href":"https:\/\/staging.nbg.eu\/sl\/wp-json\/wp\/v2\/product_cat?post=73995"},{"taxonomy":"product_tag","embeddable":true,"href":"https:\/\/staging.nbg.eu\/sl\/wp-json\/wp\/v2\/product_tag?post=73995"}],"curies":[{"name":"wp","href":"https:\/\/api.w.org\/{rel}","templated":true}]}}