{"id":73720,"date":"2024-10-16T19:57:17","date_gmt":"2024-10-21T08:18:32","guid":{"rendered":"https:\/\/staging.nbg.eu\/product\/casio-gbd-800-1ber\/"},"modified":"2024-10-21T08:20:01","modified_gmt":"2024-10-21T08:20:01","slug":"casio-gbd-800-1ber","status":"publish","type":"product","link":"https:\/\/staging.nbg.eu\/sl\/izdelek\/casio-gbd-800-1ber\/","title":{"rendered":"Casio GBD-800-1BER"},"content":{"rendered":"<h2>Casio GBD-800-1BER G-SQUAD \u0161portna ura<\/h2>\n<p>Casio GBD-800-1BER je G-SQUAD \u0161portna ura, namenjena \u0161portnikom in vsakodnevni uporabi. Ta \u010drna ura vklju\u010duje:<\/p>\n<ul>\n<li>Ve\u010dsegmentni digitalni zaslon za bolj\u0161o berljivost<\/li>\n<li>Povezljivost Bluetooth z aplikacijo CASIO WATCHES<\/li>\n<li>3-osni pospe\u0161kometer za \u0161tetje korakov<\/li>\n<li>Ve\u010d \u010dasovnikov z do 20 kombinacijami<\/li>\n<li>200 spominskih mest za bele\u017eenje vadbe<\/li>\n<li>Samodejno LED osvetlitev za vidljivost v slabi svetlobi<\/li>\n<li>Udobno prileganje z nastavljivim pa\u0161\u010dkom in hrbtnim delom<\/li>\n<\/ul>\n<p>GBD-800-1BER ima zasnovo, trpe\u017eno konstrukcijo in napredne funkcije za sledenje vadbi. Ta G-SHOCK ura je primerna za uporabo v telovadnici ali na prostem in pomaga pri sledenju vadbenim ciljem.<\/p>\n","protected":false},"excerpt":{"rendered":"<p>Elegantna \u0161portna ura G-SHOCK s \u0161tevcem korakov in povezljivostjo z mobilno aplikacijo.<\/p>\n","protected":false},"featured_media":100963,"template":"","meta":{"_acf_changed":false},"product_brand":[11213],"product_cat":[13473],"product_tag":[],"class_list":{"0":"post-73720","1":"product","2":"type-product","3":"status-publish","4":"has-post-thumbnail","6":"product_brand-casio","7":"product_cat-edc","9":"first","10":"instock","11":"taxable","12":"shipping-taxable","13":"purchasable","14":"product-type-simple"},"acf":[],"_links":{"self":[{"href":"https:\/\/staging.nbg.eu\/sl\/wp-json\/wp\/v2\/product\/73720","targetHints":{"allow":["GET"]}}],"collection":[{"href":"https:\/\/staging.nbg.eu\/sl\/wp-json\/wp\/v2\/product"}],"about":[{"href":"https:\/\/staging.nbg.eu\/sl\/wp-json\/wp\/v2\/types\/product"}],"wp:featuredmedia":[{"embeddable":true,"href":"https:\/\/staging.nbg.eu\/sl\/wp-json\/wp\/v2\/media\/100963"}],"wp:attachment":[{"href":"https:\/\/staging.nbg.eu\/sl\/wp-json\/wp\/v2\/media?parent=73720"}],"wp:term":[{"taxonomy":"product_brand","embeddable":true,"href":"https:\/\/staging.nbg.eu\/sl\/wp-json\/wp\/v2\/product_brand?post=73720"},{"taxonomy":"product_cat","embeddable":true,"href":"https:\/\/staging.nbg.eu\/sl\/wp-json\/wp\/v2\/product_cat?post=73720"},{"taxonomy":"product_tag","embeddable":true,"href":"https:\/\/staging.nbg.eu\/sl\/wp-json\/wp\/v2\/product_tag?post=73720"}],"curies":[{"name":"wp","href":"https:\/\/api.w.org\/{rel}","templated":true}]}}