{"id":69710,"date":"2023-11-22T18:07:20","date_gmt":"2024-09-20T13:16:11","guid":{"rendered":"https:\/\/staging.nbg.eu\/product\/kmr-w-02-umbra\/"},"modified":"2025-02-19T16:14:09","modified_gmt":"2025-02-19T16:14:09","slug":"kmr-w-02-umbra","status":"publish","type":"product","link":"https:\/\/staging.nbg.eu\/sl\/izdelek\/kmr-w-02-umbra\/","title":{"rendered":"KMR W-02 UMBRA"},"content":{"rendered":"<div class=\"product-description\">\n<h2>KMR W-02 UMBRA: IDPA Divizije<\/h2>\n<p>KMR W-02 UMBRA je kompaktna pi\u0161tola, zasnovana za natan\u010dno streljanje.<\/p>\n<h2>Klju\u010dne lastnosti:<\/h2>\n<ul>\n<li>4,5&#8243; te\u017eka, narebrena, polirana cev za ve\u010djo natan\u010dnost in odvajanje toplote<\/li>\n<li>BRS \u2013 sistem stabilizacije cevi v zaklepu za zmanj\u0161anje dviga cevi<\/li>\n<li>CNC-obdelan jekleni okvir za vzdr\u017eljivost<\/li>\n<li>SA\/DA spro\u017eilni mehanizem s kratkim resetom<\/li>\n<li>Kapaciteta 16+1 nabojev<\/li>\n<li>CERAKOTE povr\u0161inska obdelava na okvirju in zaklepu za odpornost proti obrabi<\/li>\n<\/ul>\n<h2>Ergonomija in prilagodljivost:<\/h2>\n<ul>\n<li>DiamondCut duralumin ro\u010daji za bolj\u0161i oprijem<\/li>\n<li>Nastavljiv duralumin gumb za sprostitev nabojnika<\/li>\n<li>Podalj\u0161ana leva ro\u010dna varovalka in ravna desna ro\u010dna varovalka za obojero\u010dno uporabo<\/li>\n<li>Sprednji merek z opti\u010dnimi vlakni (1 mm)<\/li>\n<li>Stranski in vi\u0161insko nastavljiv zadnji merek<\/li>\n<\/ul>\n<h2>Specifikacije:<\/h2>\n<ul>\n<li>Kaliber: 9\u00d719, 9\u00d721<\/li>\n<li>Skupna dol\u017eina: 208 mm<\/li>\n<li>Dol\u017eina cevi: 114 mm<\/li>\n<li>Te\u017ea (s praznim nabojnikom): 1280 g<\/li>\n<li>Spro\u017eilna sila: 17,5 N (SA) \/ 45 N (DA)<\/li>\n<\/ul>\n<p>KMR W-02 UMBRA je pi\u0161tola, namenjena tekmovalnim strelcem in navdu\u0161encem. Ima napredni sistem stabilizacije cevi BRS in kakovostne komponente za natan\u010dnost in nadzor.<\/p>\n<p>KMR W-02 UMBRA vklju\u010duje 3 nabojnike, KMR kov\u010dek za pi\u0161tolo, komplet za \u010di\u0161\u010denje, KMR olje, navodila za uporabo in garancijski list.<\/p>\n<\/div>\n","protected":false},"excerpt":{"rendered":"<p>Mo\u010dan, natan\u010den KMR W-02 UMBRA: Kompaktna 9mm pi\u0161tola s stabilizacijo BRS.<\/p>\n","protected":false},"featured_media":69711,"template":"","meta":{"_acf_changed":false},"product_brand":[11509],"product_cat":[13440,13430],"product_tag":[],"class_list":{"0":"post-69710","1":"product","2":"type-product","3":"status-publish","4":"has-post-thumbnail","6":"product_brand-kmr-precision","7":"product_cat-pistola","8":"product_cat-pistole","10":"first","11":"instock","12":"taxable","13":"shipping-taxable","14":"product-type-simple"},"acf":[],"_links":{"self":[{"href":"https:\/\/staging.nbg.eu\/sl\/wp-json\/wp\/v2\/product\/69710","targetHints":{"allow":["GET"]}}],"collection":[{"href":"https:\/\/staging.nbg.eu\/sl\/wp-json\/wp\/v2\/product"}],"about":[{"href":"https:\/\/staging.nbg.eu\/sl\/wp-json\/wp\/v2\/types\/product"}],"wp:featuredmedia":[{"embeddable":true,"href":"https:\/\/staging.nbg.eu\/sl\/wp-json\/wp\/v2\/media\/69711"}],"wp:attachment":[{"href":"https:\/\/staging.nbg.eu\/sl\/wp-json\/wp\/v2\/media?parent=69710"}],"wp:term":[{"taxonomy":"product_brand","embeddable":true,"href":"https:\/\/staging.nbg.eu\/sl\/wp-json\/wp\/v2\/product_brand?post=69710"},{"taxonomy":"product_cat","embeddable":true,"href":"https:\/\/staging.nbg.eu\/sl\/wp-json\/wp\/v2\/product_cat?post=69710"},{"taxonomy":"product_tag","embeddable":true,"href":"https:\/\/staging.nbg.eu\/sl\/wp-json\/wp\/v2\/product_tag?post=69710"}],"curies":[{"name":"wp","href":"https:\/\/api.w.org\/{rel}","templated":true}]}}