{"id":68881,"date":"2023-11-26T19:05:46","date_gmt":"2024-09-20T12:58:52","guid":{"rendered":"https:\/\/staging.nbg.eu\/product\/geissele-super-duty-mod1-rifle-16-5-56mm-luna-black\/"},"modified":"2024-09-27T10:17:18","modified_gmt":"2024-09-27T10:17:18","slug":"geissele-super-duty-puska-16-556mm-luna-crna","status":"publish","type":"product","link":"https:\/\/staging.nbg.eu\/sl\/izdelek\/geissele-super-duty-puska-16-556mm-luna-crna\/","title":{"rendered":"Geissele Super Duty Pu\u0161ka, 16&#8243;, 5.56MM- Luna \u010crna"},"content":{"rendered":"<h2>Geissele Super Duty pu\u0161ka &#8211; 16&#8243; 5.56MM<\/h2>\n<p>Geissele Super Duty je 16-pal\u010dna pu\u0161ka v kalibru 5.56 NATO, ki zdru\u017euje najnovej\u0161o tehnologijo in izdelavo.<\/p>\n<h2>Klju\u010dne lastnosti:<\/h2>\n<ul>\n<li>16&#8243; hladno kovana, s kromom oblo\u017eena cev (1:7&#8243; zavoj)<\/li>\n<li>Izdelana v Geissele obratu v North Wales, PA<\/li>\n<li>Plinski sistem dol\u017eine karabinke s kompaktnim plinskim blokom<\/li>\n<li>15&#8243; SMR MK16 modularna tirnica z M-LOK zdru\u017eljivostjo<\/li>\n<li>Spodnji receiver iz 7075-T6 aluminija z Ultra Duty kompletom delov<\/li>\n<li>Obojestranska nastavljiva varovalka<\/li>\n<li>Super-42 vzmet za delovanje in H3 bla\u017eilec<\/li>\n<\/ul>\n<h2>Specifikacije:<\/h2>\n<ul>\n<li>Kaliber: 5.56 NATO<\/li>\n<li>Cev: Geissele hladno kovana, s kromom oblo\u017eena, 1\/7 zavoj<\/li>\n<li>Receiverji: Kovani 7075-T6, trdo anodiziran tip III<\/li>\n<li>Nosilec zaklepa: REBCG (Izbolj\u0161an nosilec zaklepa za zanesljivost)<\/li>\n<li>Spro\u017eilec: SSA-X z Lightning lokom<\/li>\n<li>Ustna naprava: Geissele Sparkout skriva\u010d plamena<\/li>\n<li>Ro\u010dica za napenjanje: Airborne<\/li>\n<li>Barva: DDC (Barva pu\u0161\u010davske zemlje)*<\/li>\n<\/ul>\n<p><em>*Opomba: Odtenek DDC anodizacije lahko variira<\/em><\/p>\n<p>Geissele Super Duty pu\u0161ka zdru\u017euje natan\u010dnost in zanesljivost v kompaktnem, visoko zmogljivem paketu.<\/p>\n","protected":false},"excerpt":{"rendered":"<p>Geissele Super Duty: 16-pal\u010dna 5,56 mm, napredna tehnologija, natan\u010dno izdelana.<\/p>\n","protected":false},"featured_media":68882,"template":"","meta":{"_acf_changed":false},"product_brand":[11389],"product_cat":[13480,13483],"product_tag":[],"class_list":{"0":"post-68881","1":"product","2":"type-product","3":"status-publish","4":"has-post-thumbnail","6":"product_brand-geissele","7":"product_cat-karabinke","8":"product_cat-puska","10":"first","11":"instock","12":"taxable","13":"shipping-taxable","14":"product-type-simple"},"acf":[],"_links":{"self":[{"href":"https:\/\/staging.nbg.eu\/sl\/wp-json\/wp\/v2\/product\/68881","targetHints":{"allow":["GET"]}}],"collection":[{"href":"https:\/\/staging.nbg.eu\/sl\/wp-json\/wp\/v2\/product"}],"about":[{"href":"https:\/\/staging.nbg.eu\/sl\/wp-json\/wp\/v2\/types\/product"}],"wp:featuredmedia":[{"embeddable":true,"href":"https:\/\/staging.nbg.eu\/sl\/wp-json\/wp\/v2\/media\/68882"}],"wp:attachment":[{"href":"https:\/\/staging.nbg.eu\/sl\/wp-json\/wp\/v2\/media?parent=68881"}],"wp:term":[{"taxonomy":"product_brand","embeddable":true,"href":"https:\/\/staging.nbg.eu\/sl\/wp-json\/wp\/v2\/product_brand?post=68881"},{"taxonomy":"product_cat","embeddable":true,"href":"https:\/\/staging.nbg.eu\/sl\/wp-json\/wp\/v2\/product_cat?post=68881"},{"taxonomy":"product_tag","embeddable":true,"href":"https:\/\/staging.nbg.eu\/sl\/wp-json\/wp\/v2\/product_tag?post=68881"}],"curies":[{"name":"wp","href":"https:\/\/api.w.org\/{rel}","templated":true}]}}