{"id":68407,"date":"2023-12-10T10:23:45","date_gmt":"2023-12-10T10:23:45","guid":{"rendered":"https:\/\/staging.nbg.eu\/product\/alg-defense-el-jefe-16-5-56mm-black\/"},"modified":"2025-02-07T08:23:37","modified_gmt":"2025-02-07T08:23:37","slug":"alg-defense-el-jefe-16-556mm-crna","status":"publish","type":"product","link":"https:\/\/staging.nbg.eu\/sl\/izdelek\/alg-defense-el-jefe-16-556mm-crna\/","title":{"rendered":"ALG Defense El Jefe, 16&#8243;, 5.56MM &#8211; \u010crna"},"content":{"rendered":"<h2>ALG Defense El Jefe, 16&#8243;, 5,56MM &#8211; \u010crna<\/h2>\n<p>Pu\u0161ka ALG Defense El Jefe je izbira za strelce, ki i\u0161\u010dejo pu\u0161ko voja\u0161ke kakovosti po dostopni ceni. Ta celoten sistem pu\u0161ke vklju\u010duje jermen in Warner &amp; Swasey rde\u010di dot merek.<\/p>\n<h2>Klju\u010dne lastnosti:<\/h2>\n<ul>\n<li>Ohi\u0161je iz 7075 aluminija, kovano in CNC obdelano za trdnost in lahko zasnovo<\/li>\n<li>Mil-Spec Type 3 trdo anodiziran zaklju\u010dek v mat \u010drni barvi<\/li>\n<li>ALG V3X ro\u010daj z M-LOK re\u017eami za razli\u010dne mo\u017enosti pritrditve<\/li>\n<li>B5 Systems SOPMOD kopito<\/li>\n<li>Geissele Super 42 pletena vzmetna bla\u017eilna vzmet in H1 bla\u017eilec za zanesljivo delovanje<\/li>\n<li>Mil-Spec nosilec zaklepa s trdo kromano prevleko za vzdr\u017eljivost<\/li>\n<li>ALG Defense Advanced Combat Trigger (ACT)<\/li>\n<li>Cev z gumbnim \u017elebljenjem, kromana, s 5,56 NATO le\u017ei\u0161\u010dem<\/li>\n<li>Geissele plinski blok in podalj\u0161ana plinska cev srednje dol\u017eine<\/li>\n<li>Vklju\u010duje M4 karbonski Mil-Spec spleteni jermen in QD vrtljive zaponke<\/li>\n<li>Warner and Swasey 3 MOA rde\u010di dot merek z vgrajenimi rezervnimi \u017eeleznimi merki<\/li>\n<\/ul>\n<p>El Jefe zdru\u017euje kakovostne komponente in strokovno izdelavo za zanesljivo, natan\u010dno in vzdr\u017eljivo pu\u0161ko, primerno za \u0161portno streljanje, policijo in doma\u010do obrambo.<\/p>\n","protected":false},"excerpt":{"rendered":"<p>ALG Defense El Jefe: Visokokakovostna 5,56 mm AR-15 pu\u0161ka s premium lastnostmi.<\/p>\n","protected":false},"featured_media":68408,"template":"","meta":{"_acf_changed":false},"product_brand":[11389],"product_cat":[13480,13483],"product_tag":[],"class_list":{"0":"post-68407","1":"product","2":"type-product","3":"status-publish","4":"has-post-thumbnail","6":"product_brand-geissele","7":"product_cat-karabinke","8":"product_cat-puska","10":"first","11":"instock","12":"taxable","13":"shipping-taxable","14":"product-type-simple"},"acf":[],"_links":{"self":[{"href":"https:\/\/staging.nbg.eu\/sl\/wp-json\/wp\/v2\/product\/68407","targetHints":{"allow":["GET"]}}],"collection":[{"href":"https:\/\/staging.nbg.eu\/sl\/wp-json\/wp\/v2\/product"}],"about":[{"href":"https:\/\/staging.nbg.eu\/sl\/wp-json\/wp\/v2\/types\/product"}],"wp:featuredmedia":[{"embeddable":true,"href":"https:\/\/staging.nbg.eu\/sl\/wp-json\/wp\/v2\/media\/68408"}],"wp:attachment":[{"href":"https:\/\/staging.nbg.eu\/sl\/wp-json\/wp\/v2\/media?parent=68407"}],"wp:term":[{"taxonomy":"product_brand","embeddable":true,"href":"https:\/\/staging.nbg.eu\/sl\/wp-json\/wp\/v2\/product_brand?post=68407"},{"taxonomy":"product_cat","embeddable":true,"href":"https:\/\/staging.nbg.eu\/sl\/wp-json\/wp\/v2\/product_cat?post=68407"},{"taxonomy":"product_tag","embeddable":true,"href":"https:\/\/staging.nbg.eu\/sl\/wp-json\/wp\/v2\/product_tag?post=68407"}],"curies":[{"name":"wp","href":"https:\/\/api.w.org\/{rel}","templated":true}]}}