{"id":68248,"date":"2024-01-30T18:09:06","date_gmt":"2024-09-20T12:20:29","guid":{"rendered":"https:\/\/staging.nbg.eu\/product\/surefire-m640dft-pro\/"},"modified":"2024-09-20T12:21:31","modified_gmt":"2024-09-20T12:21:31","slug":"surefire-m640dft-pro","status":"publish","type":"product","link":"https:\/\/staging.nbg.eu\/sl\/izdelek\/surefire-m640dft-pro\/","title":{"rendered":"SureFire M640DFT-PRO"},"content":{"rendered":"<div class=\"product-description\">\n<h2>SureFire M640DFT-PRO Turbo Scout Light Pro<\/h2>\n<p>M640DFT-PRO Turbo Scout Light Pro ponuja naslednje lastnosti:<\/p>\n<ul>\n<li>100.000 kandel najve\u010dje intenzivnosti \u017earka s prilo\u017eeno baterijo SF18650B<\/li>\n<li>Turbo vzorec \u017earka za identifikacijo tar\u010d na veliki razdalji<\/li>\n<li>Nizkoprofilno pritrditev za optimalno namestitev (zdru\u017eljivo z MIL-STD-1913 in M-LOK)<\/li>\n<li>Mo\u017enost dvojnega napajanja: uporaba polnilne baterije SF18650B ali dveh litijevih baterij 123A<\/li>\n<li>Vzdr\u017eljivost in mo\u017enosti daljinskega upravljanja<\/li>\n<\/ul>\n<p>Izdelano iz lahkega letalskega aluminija in trdo anodizirano po voja\u0161kem standardu, ta O-tesnilna svetilka za oro\u017eje ponuja zmogljivost in vsestranskost za uporabo na dolgih razdaljah.<\/p>\n<\/div>\n","protected":false},"excerpt":{"rendered":"<p>Visoko zmogljiva takti\u010dna svetilka s snopom 100.000 kandel za uporabo na dolge razdalje.<\/p>\n","protected":false},"featured_media":68249,"template":"","meta":{"_acf_changed":false},"product_brand":[11879],"product_cat":[13474,13434,13483],"product_tag":[],"class_list":{"0":"post-68248","1":"product","2":"type-product","3":"status-publish","4":"has-post-thumbnail","6":"product_brand-surefire","7":"product_cat-luci","8":"product_cat-luci-za-puske","9":"product_cat-puska","11":"first","12":"instock","13":"taxable","14":"shipping-taxable","15":"purchasable","16":"product-type-variable","17":"wvs-archive-product-wrapper"},"acf":[],"_links":{"self":[{"href":"https:\/\/staging.nbg.eu\/sl\/wp-json\/wp\/v2\/product\/68248","targetHints":{"allow":["GET"]}}],"collection":[{"href":"https:\/\/staging.nbg.eu\/sl\/wp-json\/wp\/v2\/product"}],"about":[{"href":"https:\/\/staging.nbg.eu\/sl\/wp-json\/wp\/v2\/types\/product"}],"wp:featuredmedia":[{"embeddable":true,"href":"https:\/\/staging.nbg.eu\/sl\/wp-json\/wp\/v2\/media\/68249"}],"wp:attachment":[{"href":"https:\/\/staging.nbg.eu\/sl\/wp-json\/wp\/v2\/media?parent=68248"}],"wp:term":[{"taxonomy":"product_brand","embeddable":true,"href":"https:\/\/staging.nbg.eu\/sl\/wp-json\/wp\/v2\/product_brand?post=68248"},{"taxonomy":"product_cat","embeddable":true,"href":"https:\/\/staging.nbg.eu\/sl\/wp-json\/wp\/v2\/product_cat?post=68248"},{"taxonomy":"product_tag","embeddable":true,"href":"https:\/\/staging.nbg.eu\/sl\/wp-json\/wp\/v2\/product_tag?post=68248"}],"curies":[{"name":"wp","href":"https:\/\/api.w.org\/{rel}","templated":true}]}}