{"id":67979,"date":"2024-01-13T10:41:33","date_gmt":"2024-09-20T12:18:02","guid":{"rendered":"https:\/\/staging.nbg.eu\/product\/surefire-m340dft-pro\/"},"modified":"2024-09-20T12:19:03","modified_gmt":"2024-09-20T12:19:03","slug":"surefire-m340dft-pro","status":"publish","type":"product","link":"https:\/\/staging.nbg.eu\/sl\/izdelek\/surefire-m340dft-pro\/","title":{"rendered":"SureFire M340DFT-PRO"},"content":{"rendered":"<div class=\"product-description\">\n<h2>SureFire M340DFT-PRO Turbo Mini Scout Light Pro<\/h2>\n<p>M340DFT-PRO vklju\u010duje:<\/p>\n<ul>\n<li>95.000 kandel najve\u010dje intenzivnosti \u017earka s prilo\u017eeno baterijo SF18350<\/li>\n<li>Turbo vzorec \u017earka za identifikacijo oddaljenih ciljev<\/li>\n<li>Nizkoprofilno pritrditev za optimalno namestitev<\/li>\n<li>Mo\u017enost dvojnega napajanja: SF18350 polnilna ali 123A litijeva primarna baterija<\/li>\n<li>Trpe\u017enost in mo\u017enosti daljinskega upravljanja<\/li>\n<\/ul>\n<p>M340DFT-PRO ima precizen reflektor, ki ustvarja koncentriran \u017earek, primeren za uporabo na dolgih razdaljah. Izdelan je iz letalskega aluminija s trdo anodizacijo po voja\u0161kem standardu, kar zagotavlja odpornost na zahtevne pogoje.<\/p>\n<\/div>\n","protected":false},"excerpt":{"rendered":"<p>Kompaktna, zmogljiva svetilka za oro\u017eje z najve\u010djo intenzivnostjo svetlobnega snopa 95.000 kandel.<\/p>\n","protected":false},"featured_media":67980,"template":"","meta":{"_acf_changed":false},"product_brand":[11879],"product_cat":[13474,13434,13483],"product_tag":[],"class_list":{"0":"post-67979","1":"product","2":"type-product","3":"status-publish","4":"has-post-thumbnail","6":"product_brand-surefire","7":"product_cat-luci","8":"product_cat-luci-za-puske","9":"product_cat-puska","11":"first","12":"instock","13":"taxable","14":"shipping-taxable","15":"purchasable","16":"product-type-variable","17":"wvs-archive-product-wrapper"},"acf":[],"_links":{"self":[{"href":"https:\/\/staging.nbg.eu\/sl\/wp-json\/wp\/v2\/product\/67979","targetHints":{"allow":["GET"]}}],"collection":[{"href":"https:\/\/staging.nbg.eu\/sl\/wp-json\/wp\/v2\/product"}],"about":[{"href":"https:\/\/staging.nbg.eu\/sl\/wp-json\/wp\/v2\/types\/product"}],"wp:featuredmedia":[{"embeddable":true,"href":"https:\/\/staging.nbg.eu\/sl\/wp-json\/wp\/v2\/media\/67980"}],"wp:attachment":[{"href":"https:\/\/staging.nbg.eu\/sl\/wp-json\/wp\/v2\/media?parent=67979"}],"wp:term":[{"taxonomy":"product_brand","embeddable":true,"href":"https:\/\/staging.nbg.eu\/sl\/wp-json\/wp\/v2\/product_brand?post=67979"},{"taxonomy":"product_cat","embeddable":true,"href":"https:\/\/staging.nbg.eu\/sl\/wp-json\/wp\/v2\/product_cat?post=67979"},{"taxonomy":"product_tag","embeddable":true,"href":"https:\/\/staging.nbg.eu\/sl\/wp-json\/wp\/v2\/product_tag?post=67979"}],"curies":[{"name":"wp","href":"https:\/\/api.w.org\/{rel}","templated":true}]}}