{"id":67501,"date":"2024-01-13T12:03:58","date_gmt":"2024-09-20T12:08:10","guid":{"rendered":"https:\/\/staging.nbg.eu\/product\/surefire-ds00\/"},"modified":"2024-09-20T12:09:11","modified_gmt":"2024-09-20T12:09:11","slug":"surefire-ds00","status":"publish","type":"product","link":"https:\/\/staging.nbg.eu\/sl\/izdelek\/surefire-ds00\/","title":{"rendered":"SureFire DS00"},"content":{"rendered":"<p>\nSureFire DS00 je ve\u010dnamensko, vodotesno stikalo za ve\u010dino Scout Light\u00ae WeaponLights. Zna\u010dilnosti:<\/p>\n<ul>\n<li>Neodvisno delovanje integriranega in daljinskega stikala<\/li>\n<li>Zdru\u017eljivost z razli\u010dnimi SureFire daljinskimi trakastimi stikali<\/li>\n<li>Pritisni gumb za vklop\/izklop<\/li>\n<li>Funkcija onemogo\u010danja sistema<\/li>\n<li>Redundanca stikal za zanesljivost<\/li>\n<\/ul>\n<p>DS00 izbolj\u0161a funkcionalnost va\u0161ega WeaponLight (Ni zdru\u017eljiv z Micro Scout Light Pro).<\/p>\n","protected":false},"excerpt":{"rendered":"<p>Vsestranski stikalo za SureFire WeaponLights z dvojnim na\u010dinom delovanja.<\/p>\n","protected":false},"featured_media":67502,"template":"","meta":{"_acf_changed":false},"product_brand":[11879],"product_cat":[13498,13474,13483],"product_tag":[],"class_list":{"0":"post-67501","1":"product","2":"type-product","3":"status-publish","4":"has-post-thumbnail","6":"product_brand-surefire","7":"product_cat-dodatki-za-luci","8":"product_cat-luci","9":"product_cat-puska","11":"first","12":"instock","13":"taxable","14":"shipping-taxable","15":"purchasable","16":"product-type-variable","17":"wvs-archive-product-wrapper"},"acf":[],"_links":{"self":[{"href":"https:\/\/staging.nbg.eu\/sl\/wp-json\/wp\/v2\/product\/67501","targetHints":{"allow":["GET"]}}],"collection":[{"href":"https:\/\/staging.nbg.eu\/sl\/wp-json\/wp\/v2\/product"}],"about":[{"href":"https:\/\/staging.nbg.eu\/sl\/wp-json\/wp\/v2\/types\/product"}],"wp:featuredmedia":[{"embeddable":true,"href":"https:\/\/staging.nbg.eu\/sl\/wp-json\/wp\/v2\/media\/67502"}],"wp:attachment":[{"href":"https:\/\/staging.nbg.eu\/sl\/wp-json\/wp\/v2\/media?parent=67501"}],"wp:term":[{"taxonomy":"product_brand","embeddable":true,"href":"https:\/\/staging.nbg.eu\/sl\/wp-json\/wp\/v2\/product_brand?post=67501"},{"taxonomy":"product_cat","embeddable":true,"href":"https:\/\/staging.nbg.eu\/sl\/wp-json\/wp\/v2\/product_cat?post=67501"},{"taxonomy":"product_tag","embeddable":true,"href":"https:\/\/staging.nbg.eu\/sl\/wp-json\/wp\/v2\/product_tag?post=67501"}],"curies":[{"name":"wp","href":"https:\/\/api.w.org\/{rel}","templated":true}]}}