{"id":66935,"date":"2024-01-13T20:15:17","date_gmt":"2024-09-20T11:57:29","guid":{"rendered":"https:\/\/staging.nbg.eu\/product\/surefire-x300u-b\/"},"modified":"2025-02-19T14:59:27","modified_gmt":"2025-02-19T14:59:27","slug":"surefire-x300u-b","status":"publish","type":"product","link":"https:\/\/staging.nbg.eu\/sl\/izdelek\/surefire-x300u-b\/","title":{"rendered":"SureFire X300U-B"},"content":{"rendered":"<div class=\"product-description\">\n<h2>SureFire X300U-B takti\u010dna svetilka za oro\u017eje<\/h2>\n<p>SureFire X300U-B je takti\u010dna svetilka, zasnovana za profesionalno uporabo. Proizvaja 1.000 lumnov LED svetlobe, usmerjene s precizno TIR le\u010do.<\/p>\n<ul>\n<li>T-re\u017ea z vijakom za pritrditev na tirnice<\/li>\n<li>Obojestranski preklopnik za takoj\u0161en vklop<\/li>\n<li>Ohi\u0161je iz letalskega aluminija s trdo anodizirano povr\u0161ino po voja\u0161kem standardu<\/li>\n<li>IPX7 vodotesnost (1 meter za 30 minut)<\/li>\n<li>1,25 ure delovanja z dvema prilo\u017eenima litijevima baterijama 123A<\/li>\n<li>Kompaktna zasnova: dol\u017eina 3,76 palcev, te\u017ea 4,0 un\u010de<\/li>\n<\/ul>\n<p>SureFire X300U-B osvetljuje cilje na ve\u010djih razdaljah in omogo\u010da ohranjanje situacijske zavesti.<\/p>\n<\/div>\n","protected":false},"excerpt":{"rendered":"<p>SureFire X300U-B: 1000-lumenska takti\u010dna svetilka za pi\u0161tole in dolge cevi.<\/p>\n","protected":false},"featured_media":66936,"template":"","meta":{"_acf_changed":false},"product_brand":[11879],"product_cat":[13474,13467,13440],"product_tag":[],"class_list":{"0":"post-66935","1":"product","2":"type-product","3":"status-publish","4":"has-post-thumbnail","6":"product_brand-surefire","7":"product_cat-luci","8":"product_cat-luci-za-pistole","9":"product_cat-pistola","11":"first","12":"instock","13":"taxable","14":"shipping-taxable","15":"purchasable","16":"product-type-variable","17":"wvs-archive-product-wrapper"},"acf":[],"_links":{"self":[{"href":"https:\/\/staging.nbg.eu\/sl\/wp-json\/wp\/v2\/product\/66935","targetHints":{"allow":["GET"]}}],"collection":[{"href":"https:\/\/staging.nbg.eu\/sl\/wp-json\/wp\/v2\/product"}],"about":[{"href":"https:\/\/staging.nbg.eu\/sl\/wp-json\/wp\/v2\/types\/product"}],"wp:featuredmedia":[{"embeddable":true,"href":"https:\/\/staging.nbg.eu\/sl\/wp-json\/wp\/v2\/media\/66936"}],"wp:attachment":[{"href":"https:\/\/staging.nbg.eu\/sl\/wp-json\/wp\/v2\/media?parent=66935"}],"wp:term":[{"taxonomy":"product_brand","embeddable":true,"href":"https:\/\/staging.nbg.eu\/sl\/wp-json\/wp\/v2\/product_brand?post=66935"},{"taxonomy":"product_cat","embeddable":true,"href":"https:\/\/staging.nbg.eu\/sl\/wp-json\/wp\/v2\/product_cat?post=66935"},{"taxonomy":"product_tag","embeddable":true,"href":"https:\/\/staging.nbg.eu\/sl\/wp-json\/wp\/v2\/product_tag?post=66935"}],"curies":[{"name":"wp","href":"https:\/\/api.w.org\/{rel}","templated":true}]}}