{"id":66689,"date":"2024-01-30T18:10:41","date_gmt":"2024-09-20T11:54:01","guid":{"rendered":"https:\/\/staging.nbg.eu\/product\/surefire-x300t-a\/"},"modified":"2024-09-20T11:55:01","modified_gmt":"2024-09-20T11:55:01","slug":"surefire-x300t-a","status":"publish","type":"product","link":"https:\/\/staging.nbg.eu\/sl\/izdelek\/surefire-x300t-a\/","title":{"rendered":"# SureFire X300T-A"},"content":{"rendered":"<div class=\"product-description\">\n<h2>SureFire X300T-A Takti\u010dna Svetilka za Oro\u017eje<\/h2>\n<p>SureFire X300T-A je takti\u010dna svetilka z vrhunsko zmogljivostjo. S 66.000 kandel maksimalne intenzivnosti \u017earka in 650 lumnov svetlobne mo\u010di ta svetilka ponuja:<\/p>\n<ul>\n<li>Turbo vzorec \u017earka za identifikacijo tar\u010de na velikih razdaljah<\/li>\n<li>Sistem pritrditve z ro\u010dico za hitro namestitev na univerzalne in Picatinny tirnice<\/li>\n<li>Intuitivno obojestransko stikalo za takoj\u0161njo aktivacijo<\/li>\n<li>Zdru\u017eljivost z obstoje\u010dimi X300U-A toki<\/li>\n<li>Ohi\u0161je iz letalskega aluminija s trdo anodizirano povr\u0161ino po voja\u0161kem standardu<\/li>\n<li>IPX7 vodotesna ocena (1 meter za 30 minut)<\/li>\n<li>1,5 ure delovanja z dvema prilo\u017eenima 123A litijevima baterijama<\/li>\n<\/ul>\n<p>X300T-A lahko osvetli cilje do 514 metrov dale\u010d.<\/p>\n<\/div>\n","protected":false},"excerpt":{"rendered":"<p>SureFire X300T-A: 66.000-kandelna takti\u010dna svetilka za prepoznavanje na dolge razdalje.<\/p>\n","protected":false},"featured_media":66690,"template":"","meta":{"_acf_changed":false},"product_brand":[11879],"product_cat":[13474,13467,13440],"product_tag":[],"class_list":{"0":"post-66689","1":"product","2":"type-product","3":"status-publish","4":"has-post-thumbnail","6":"product_brand-surefire","7":"product_cat-luci","8":"product_cat-luci-za-pistole","9":"product_cat-pistola","11":"first","12":"instock","13":"taxable","14":"shipping-taxable","15":"purchasable","16":"product-type-variable","17":"wvs-archive-product-wrapper"},"acf":[],"_links":{"self":[{"href":"https:\/\/staging.nbg.eu\/sl\/wp-json\/wp\/v2\/product\/66689","targetHints":{"allow":["GET"]}}],"collection":[{"href":"https:\/\/staging.nbg.eu\/sl\/wp-json\/wp\/v2\/product"}],"about":[{"href":"https:\/\/staging.nbg.eu\/sl\/wp-json\/wp\/v2\/types\/product"}],"wp:featuredmedia":[{"embeddable":true,"href":"https:\/\/staging.nbg.eu\/sl\/wp-json\/wp\/v2\/media\/66690"}],"wp:attachment":[{"href":"https:\/\/staging.nbg.eu\/sl\/wp-json\/wp\/v2\/media?parent=66689"}],"wp:term":[{"taxonomy":"product_brand","embeddable":true,"href":"https:\/\/staging.nbg.eu\/sl\/wp-json\/wp\/v2\/product_brand?post=66689"},{"taxonomy":"product_cat","embeddable":true,"href":"https:\/\/staging.nbg.eu\/sl\/wp-json\/wp\/v2\/product_cat?post=66689"},{"taxonomy":"product_tag","embeddable":true,"href":"https:\/\/staging.nbg.eu\/sl\/wp-json\/wp\/v2\/product_tag?post=66689"}],"curies":[{"name":"wp","href":"https:\/\/api.w.org\/{rel}","templated":true}]}}