{"id":66281,"date":"2024-01-18T13:56:08","date_gmt":"2024-09-20T11:48:49","guid":{"rendered":"https:\/\/staging.nbg.eu\/product\/surefire-switch-assembly-z-xbc\/"},"modified":"2024-09-20T11:49:50","modified_gmt":"2024-09-20T11:49:50","slug":"surefire-sklop-stikala-z-xbc","status":"publish","type":"product","link":"https:\/\/staging.nbg.eu\/sl\/izdelek\/surefire-sklop-stikala-z-xbc\/","title":{"rendered":"SureFire sklop stikala Z-XBC"},"content":{"rendered":"<p>\nSureFire stikalo Z-XBC je tovarni\u0161ko nadomestno stikalo za X300, X400 in XH30 oro\u017ene svetilke. Zna\u010dilnosti vklju\u010dujejo:<\/p>\n<ul>\n<li>Obojero\u010dno dvojno trenutno in stalno vklopno potisno\/preklopno stikalo<\/li>\n<li>Konstrukcija iz trpe\u017enega polimera<\/li>\n<li>Na voljo v \u010drni ali rjavi barvi<\/li>\n<\/ul>\n<p>Ni zdru\u017eljivo z XH50G oro\u017eno svetilko. Prepri\u010dajte se, da uporabljate pravilno stikalo za va\u0161o SureFire oro\u017eno svetilko.<\/p>\n","protected":false},"excerpt":{"rendered":"<p>Nadomestno stikalo za SureFire X300\/X400\/XH30 oro\u017ene svetilke. Dvomodno.<\/p>\n","protected":false},"featured_media":66282,"template":"","meta":{"_acf_changed":false},"product_brand":[11879],"product_cat":[13498,13474,13467,13440],"product_tag":[],"class_list":{"0":"post-66281","1":"product","2":"type-product","3":"status-publish","4":"has-post-thumbnail","6":"product_brand-surefire","7":"product_cat-dodatki-za-luci","8":"product_cat-luci","9":"product_cat-luci-za-pistole","10":"product_cat-pistola","12":"first","13":"instock","14":"taxable","15":"shipping-taxable","16":"purchasable","17":"product-type-variable","18":"wvs-archive-product-wrapper"},"acf":[],"_links":{"self":[{"href":"https:\/\/staging.nbg.eu\/sl\/wp-json\/wp\/v2\/product\/66281","targetHints":{"allow":["GET"]}}],"collection":[{"href":"https:\/\/staging.nbg.eu\/sl\/wp-json\/wp\/v2\/product"}],"about":[{"href":"https:\/\/staging.nbg.eu\/sl\/wp-json\/wp\/v2\/types\/product"}],"wp:featuredmedia":[{"embeddable":true,"href":"https:\/\/staging.nbg.eu\/sl\/wp-json\/wp\/v2\/media\/66282"}],"wp:attachment":[{"href":"https:\/\/staging.nbg.eu\/sl\/wp-json\/wp\/v2\/media?parent=66281"}],"wp:term":[{"taxonomy":"product_brand","embeddable":true,"href":"https:\/\/staging.nbg.eu\/sl\/wp-json\/wp\/v2\/product_brand?post=66281"},{"taxonomy":"product_cat","embeddable":true,"href":"https:\/\/staging.nbg.eu\/sl\/wp-json\/wp\/v2\/product_cat?post=66281"},{"taxonomy":"product_tag","embeddable":true,"href":"https:\/\/staging.nbg.eu\/sl\/wp-json\/wp\/v2\/product_tag?post=66281"}],"curies":[{"name":"wp","href":"https:\/\/api.w.org\/{rel}","templated":true}]}}