{"id":66201,"date":"2024-01-19T18:03:48","date_gmt":"2024-01-19T18:03:48","guid":{"rendered":"https:\/\/staging.nbg.eu\/product\/surefire-sf18350\/"},"modified":"2024-09-20T11:47:57","modified_gmt":"2024-09-20T11:47:57","slug":"surefire-sf18350","status":"publish","type":"product","link":"https:\/\/staging.nbg.eu\/sl\/izdelek\/surefire-sf18350\/","title":{"rendered":"SureFire SF18350"},"content":{"rendered":"<div class=\"product-description\">\n<h2>SureFire SF18350 akumulatorska baterija<\/h2>\n<p>Napajajte svoje SureFire 3-voltne Dual Fuel svetilne naprave z SF18350 akumulatorsko baterijo. Zna\u010dilnosti:<\/p>\n<ul>\n<li>3,7 voltov \/ 1100 mAh kapaciteta<\/li>\n<li>MICRO-USB polnjenje za razli\u010dne mo\u017enosti napajanja<\/li>\n<li>Litij-ionska za\u0161\u010ditena 18350 zasnova<\/li>\n<li>Zdru\u017eljiva s SureFire Dual Fuel izdelki, ki se napajajo z eno 123A baterijo<\/li>\n<\/ul>\n<p>Vklju\u010duje MICRO-USB na USB kabel za polnjenje iz razli\u010dnih virov. Ni zdru\u017eljiva z izdelki, ki niso Dual Fuel.<\/p>\n<\/div>\n","protected":false},"excerpt":{"rendered":"<p>Polnilna baterija 18350: 3,7V, 1100mAh, polnjenje prek MICRO-USB.<\/p>\n","protected":false},"featured_media":66202,"template":"","meta":{"_acf_changed":false},"product_brand":[11879],"product_cat":[13422,13474],"product_tag":[],"class_list":{"0":"post-66201","1":"product","2":"type-product","3":"status-publish","4":"has-post-thumbnail","6":"product_brand-surefire","7":"product_cat-baterije","8":"product_cat-luci","10":"first","11":"instock","12":"taxable","13":"shipping-taxable","14":"purchasable","15":"product-type-simple"},"acf":[],"_links":{"self":[{"href":"https:\/\/staging.nbg.eu\/sl\/wp-json\/wp\/v2\/product\/66201","targetHints":{"allow":["GET"]}}],"collection":[{"href":"https:\/\/staging.nbg.eu\/sl\/wp-json\/wp\/v2\/product"}],"about":[{"href":"https:\/\/staging.nbg.eu\/sl\/wp-json\/wp\/v2\/types\/product"}],"wp:featuredmedia":[{"embeddable":true,"href":"https:\/\/staging.nbg.eu\/sl\/wp-json\/wp\/v2\/media\/66202"}],"wp:attachment":[{"href":"https:\/\/staging.nbg.eu\/sl\/wp-json\/wp\/v2\/media?parent=66201"}],"wp:term":[{"taxonomy":"product_brand","embeddable":true,"href":"https:\/\/staging.nbg.eu\/sl\/wp-json\/wp\/v2\/product_brand?post=66201"},{"taxonomy":"product_cat","embeddable":true,"href":"https:\/\/staging.nbg.eu\/sl\/wp-json\/wp\/v2\/product_cat?post=66201"},{"taxonomy":"product_tag","embeddable":true,"href":"https:\/\/staging.nbg.eu\/sl\/wp-json\/wp\/v2\/product_tag?post=66201"}],"curies":[{"name":"wp","href":"https:\/\/api.w.org\/{rel}","templated":true}]}}