{"id":66159,"date":"2024-01-19T18:29:10","date_gmt":"2024-09-20T11:45:10","guid":{"rendered":"https:\/\/staging.nbg.eu\/product\/surefire-sf18650-b\/"},"modified":"2024-09-20T11:46:07","modified_gmt":"2024-09-20T11:46:07","slug":"surefire-sf18650-b","status":"publish","type":"product","link":"https:\/\/staging.nbg.eu\/sl\/izdelek\/surefire-sf18650-b\/","title":{"rendered":"SureFire SF18650-B"},"content":{"rendered":"<div class=\"product-description\">\n<h2>SureFire SF18650-B polnilna baterija<\/h2>\n<p>Nova SF18650 polnilna baterija, ki zagotavlja 3,6 voltov in 3500 mAh za dalj\u0161i \u010das delovanja. Ima MICRO-USB polnjenje za enostavno polnjenje iz razli\u010dnih virov. Zdru\u017eljiva z izbranimi izdelki SureFire, vklju\u010dno s serijami FURY-DFT, EDC2-DFT in M600DF. Polnjenje prek USB-ja ali zunanjega polnilnika za 18650 baterije (ni prilo\u017een). Primerna za uporabo v izbrani opremi SureFire.<\/p>\n<\/div>\n","protected":false},"excerpt":{"rendered":"<p>Visoko zmogljiva 3500mAh baterija za ponovno polnjenje z MIKRO-USB polnjenjem.<\/p>\n","protected":false},"featured_media":66160,"template":"","meta":{"_acf_changed":false},"product_brand":[11879],"product_cat":[13422,13473,13442,13474],"product_tag":[],"class_list":{"0":"post-66159","1":"product","2":"type-product","3":"status-publish","4":"has-post-thumbnail","6":"product_brand-surefire","7":"product_cat-baterije","8":"product_cat-edc","9":"product_cat-edc-luci","10":"product_cat-luci","12":"first","13":"instock","14":"taxable","15":"shipping-taxable","16":"purchasable","17":"product-type-simple"},"acf":[],"_links":{"self":[{"href":"https:\/\/staging.nbg.eu\/sl\/wp-json\/wp\/v2\/product\/66159","targetHints":{"allow":["GET"]}}],"collection":[{"href":"https:\/\/staging.nbg.eu\/sl\/wp-json\/wp\/v2\/product"}],"about":[{"href":"https:\/\/staging.nbg.eu\/sl\/wp-json\/wp\/v2\/types\/product"}],"wp:featuredmedia":[{"embeddable":true,"href":"https:\/\/staging.nbg.eu\/sl\/wp-json\/wp\/v2\/media\/66160"}],"wp:attachment":[{"href":"https:\/\/staging.nbg.eu\/sl\/wp-json\/wp\/v2\/media?parent=66159"}],"wp:term":[{"taxonomy":"product_brand","embeddable":true,"href":"https:\/\/staging.nbg.eu\/sl\/wp-json\/wp\/v2\/product_brand?post=66159"},{"taxonomy":"product_cat","embeddable":true,"href":"https:\/\/staging.nbg.eu\/sl\/wp-json\/wp\/v2\/product_cat?post=66159"},{"taxonomy":"product_tag","embeddable":true,"href":"https:\/\/staging.nbg.eu\/sl\/wp-json\/wp\/v2\/product_tag?post=66159"}],"curies":[{"name":"wp","href":"https:\/\/api.w.org\/{rel}","templated":true}]}}