{"id":66108,"date":"2024-01-21T16:19:01","date_gmt":"2024-09-20T11:39:50","guid":{"rendered":"https:\/\/staging.nbg.eu\/product\/surefire-edc1-dft\/"},"modified":"2024-09-20T11:40:54","modified_gmt":"2024-09-20T11:40:54","slug":"surefire-edc1-dft","status":"publish","type":"product","link":"https:\/\/staging.nbg.eu\/sl\/izdelek\/surefire-edc1-dft\/","title":{"rendered":"SureFire EDC1-DFT"},"content":{"rendered":"<div class=\"product-description\">\n<h2>SureFire EDC1-DFT Turbo svetilka<\/h2>\n<p>SureFire EDC1-DFT Turbo je kompaktna svetilka za vsakodnevno no\u0161enje. Ta svetilka z dvojnim napajanjem ponuja:<\/p>\n<ul>\n<li>95.000 kandel najve\u010dje intenzivnosti \u017earka (s prilo\u017eeno baterijo SF18350)<\/li>\n<li>Turbo vzorec \u017earka za koncentrirano osvetlitev na dolge razdalje<\/li>\n<li>Tehnologija dvojnega napajanja: uporaba polnilne SF18350 ali ene 123A litijeve baterije<\/li>\n<li>Ohi\u0161je iz trdo eloksiranega aluminija po voja\u0161kih specifikacijah<\/li>\n<li>IPX7 ocena vodotesnosti<\/li>\n<\/ul>\n<p>Klju\u010dne lastnosti:<\/p>\n<ul>\n<li>Visoka svetilnost: 650 lumnov (z baterijo 18350)<\/li>\n<li>\u010cas delovanja: 45 minut pri visoki mo\u010di (z baterijo 18350)<\/li>\n<li>Dol\u017eina: 12,1 cm<\/li>\n<li>Te\u017ea: 128,3 g z baterijo 18350<\/li>\n<li>Dvosmerna sponka za razli\u010dne mo\u017enosti no\u0161enja<\/li>\n<\/ul>\n<p>SureFire kakovost in zmogljivost v kompaktnem paketu, ki zagotavlja vidljivost v vseh situacijah.<\/p>\n<\/div>\n","protected":false},"excerpt":{"rendered":"<p>Kompaktna vsakodnevna svetilka z \u017earkom 95.000 kandel in mo\u017enostjo dvojnega napajanja.<\/p>\n","protected":false},"featured_media":66109,"template":"","meta":{"_acf_changed":false},"product_brand":[11879],"product_cat":[13473,13442,13474],"product_tag":[],"class_list":{"0":"post-66108","1":"product","2":"type-product","3":"status-publish","4":"has-post-thumbnail","6":"product_brand-surefire","7":"product_cat-edc","8":"product_cat-edc-luci","9":"product_cat-luci","11":"first","12":"instock","13":"taxable","14":"shipping-taxable","15":"purchasable","16":"product-type-variable","17":"wvs-archive-product-wrapper"},"acf":[],"_links":{"self":[{"href":"https:\/\/staging.nbg.eu\/sl\/wp-json\/wp\/v2\/product\/66108","targetHints":{"allow":["GET"]}}],"collection":[{"href":"https:\/\/staging.nbg.eu\/sl\/wp-json\/wp\/v2\/product"}],"about":[{"href":"https:\/\/staging.nbg.eu\/sl\/wp-json\/wp\/v2\/types\/product"}],"wp:featuredmedia":[{"embeddable":true,"href":"https:\/\/staging.nbg.eu\/sl\/wp-json\/wp\/v2\/media\/66109"}],"wp:attachment":[{"href":"https:\/\/staging.nbg.eu\/sl\/wp-json\/wp\/v2\/media?parent=66108"}],"wp:term":[{"taxonomy":"product_brand","embeddable":true,"href":"https:\/\/staging.nbg.eu\/sl\/wp-json\/wp\/v2\/product_brand?post=66108"},{"taxonomy":"product_cat","embeddable":true,"href":"https:\/\/staging.nbg.eu\/sl\/wp-json\/wp\/v2\/product_cat?post=66108"},{"taxonomy":"product_tag","embeddable":true,"href":"https:\/\/staging.nbg.eu\/sl\/wp-json\/wp\/v2\/product_tag?post=66108"}],"curies":[{"name":"wp","href":"https:\/\/api.w.org\/{rel}","templated":true}]}}