{"id":65675,"date":"2024-01-21T17:47:21","date_gmt":"2024-09-20T11:32:15","guid":{"rendered":"https:\/\/staging.nbg.eu\/product\/surefire-sflfp123-batteries\/"},"modified":"2024-09-20T11:33:14","modified_gmt":"2024-09-20T11:33:14","slug":"surefire-sflfp123-baterije","status":"publish","type":"product","link":"https:\/\/staging.nbg.eu\/sl\/izdelek\/surefire-sflfp123-baterije\/","title":{"rendered":"SureFire SFLFP123 baterije"},"content":{"rendered":"<div class=\"product-description\">\n<h2>SureFire SFLFP123 polnilne baterije<\/h2>\n<p>Napajajte svoje LED svetilne naprave s SureFire SFLFP123 litij \u017eelezo fosfatnimi (LiFePO4) polnilnimi baterijami. Te 3,2V celice imajo kapaciteto 450mAh in 1,44Wh energije, kar zagotavlja dolgotrajno delovanje.<\/p>\n<ul>\n<li>Pametno notranje vezje za varno polnjenje<\/li>\n<li>Za\u0161\u010dita pred prenapolnjenjem, kratkim stikom in obratno polarnostjo<\/li>\n<li>Hitro polnjenje: 1,5 do 3 ure<\/li>\n<li>Lahke: samo 17 gramov na baterijo<\/li>\n<li>Na voljo kot komplet samo z baterijami ali celoten komplet s polnilnikom<\/li>\n<\/ul>\n<p>Opomba: Te baterije so zasnovane izklju\u010dno za LED svetilne izdelke in se ne smejo uporabljati z \u017earnicami na \u017earilno nitko. Nadgradite svojo re\u0161itev za napajanje z baterijami SureFire SFLFP123.<\/p>\n<\/div>\n","protected":false},"excerpt":{"rendered":"<p>SureFire SFLFP123: Polnilne 3,2V LiFePO4 baterije za LED svetilke.<\/p>\n","protected":false},"featured_media":65676,"template":"","meta":{"_acf_changed":false},"product_brand":[11871],"product_cat":[],"product_tag":[],"class_list":{"0":"post-65675","1":"product","2":"type-product","3":"status-publish","4":"has-post-thumbnail","6":"product_brand-surefire","8":"first","9":"instock","10":"taxable","11":"shipping-taxable","12":"product-type-simple"},"acf":[],"_links":{"self":[{"href":"https:\/\/staging.nbg.eu\/sl\/wp-json\/wp\/v2\/product\/65675","targetHints":{"allow":["GET"]}}],"collection":[{"href":"https:\/\/staging.nbg.eu\/sl\/wp-json\/wp\/v2\/product"}],"about":[{"href":"https:\/\/staging.nbg.eu\/sl\/wp-json\/wp\/v2\/types\/product"}],"wp:featuredmedia":[{"embeddable":true,"href":"https:\/\/staging.nbg.eu\/sl\/wp-json\/wp\/v2\/media\/65676"}],"wp:attachment":[{"href":"https:\/\/staging.nbg.eu\/sl\/wp-json\/wp\/v2\/media?parent=65675"}],"wp:term":[{"taxonomy":"product_brand","embeddable":true,"href":"https:\/\/staging.nbg.eu\/sl\/wp-json\/wp\/v2\/product_brand?post=65675"},{"taxonomy":"product_cat","embeddable":true,"href":"https:\/\/staging.nbg.eu\/sl\/wp-json\/wp\/v2\/product_cat?post=65675"},{"taxonomy":"product_tag","embeddable":true,"href":"https:\/\/staging.nbg.eu\/sl\/wp-json\/wp\/v2\/product_tag?post=65675"}],"curies":[{"name":"wp","href":"https:\/\/api.w.org\/{rel}","templated":true}]}}