{"id":65599,"date":"2024-01-23T18:42:27","date_gmt":"2024-01-23T18:42:27","guid":{"rendered":"https:\/\/staging.nbg.eu\/product\/bore-cleaner-1-5-oz\/"},"modified":"2024-09-20T11:30:35","modified_gmt":"2024-09-20T11:30:35","slug":"cistilo-za-cev-15-oz","status":"publish","type":"product","link":"https:\/\/staging.nbg.eu\/sl\/izdelek\/cistilo-za-cev-15-oz\/","title":{"rendered":"Cistilo za cev 1.5 oz"},"content":{"rendered":"<p>\nIosso \u010distilo za cev: Pasta na biolo\u0161ki osnovi za \u010di\u0161\u010denje oro\u017eja. Odstranjuje baker, svinec, ogljik, umazanijo in rjo brez razlitja ali po\u0161kodb. Ni korozivno, je brez vonja in okolju prijazno. Uporabite skupaj s \u0161\u010detkami Eliminator in oljno raztopino za temeljito \u010di\u0161\u010denje. \u010cistilo na rastlinski osnovi za va\u0161e strelno oro\u017eje.<\/p>\n","protected":false},"excerpt":{"rendered":"<p>Ekolo\u0161ko \u010distilno sredstvo v obliki paste za oro\u017eje. Hitro odstrani ostanke in ne\u010disto\u010de.<\/p>\n","protected":false},"featured_media":101691,"template":"","meta":{"_acf_changed":false},"product_brand":[11488],"product_cat":[13464,13478],"product_tag":[],"class_list":{"0":"post-65599","1":"product","2":"type-product","3":"status-publish","4":"has-post-thumbnail","6":"product_brand-iosso","7":"product_cat-ciscenje-orozja","8":"product_cat-cistila","10":"first","11":"instock","12":"taxable","13":"shipping-taxable","14":"purchasable","15":"product-type-simple"},"acf":[],"_links":{"self":[{"href":"https:\/\/staging.nbg.eu\/sl\/wp-json\/wp\/v2\/product\/65599","targetHints":{"allow":["GET"]}}],"collection":[{"href":"https:\/\/staging.nbg.eu\/sl\/wp-json\/wp\/v2\/product"}],"about":[{"href":"https:\/\/staging.nbg.eu\/sl\/wp-json\/wp\/v2\/types\/product"}],"wp:featuredmedia":[{"embeddable":true,"href":"https:\/\/staging.nbg.eu\/sl\/wp-json\/wp\/v2\/media\/101691"}],"wp:attachment":[{"href":"https:\/\/staging.nbg.eu\/sl\/wp-json\/wp\/v2\/media?parent=65599"}],"wp:term":[{"taxonomy":"product_brand","embeddable":true,"href":"https:\/\/staging.nbg.eu\/sl\/wp-json\/wp\/v2\/product_brand?post=65599"},{"taxonomy":"product_cat","embeddable":true,"href":"https:\/\/staging.nbg.eu\/sl\/wp-json\/wp\/v2\/product_cat?post=65599"},{"taxonomy":"product_tag","embeddable":true,"href":"https:\/\/staging.nbg.eu\/sl\/wp-json\/wp\/v2\/product_tag?post=65599"}],"curies":[{"name":"wp","href":"https:\/\/api.w.org\/{rel}","templated":true}]}}