{"id":65363,"date":"2024-09-19T17:15:31","date_gmt":"2024-09-19T14:15:31","guid":{"rendered":"https:\/\/staging.nbg.eu\/?post_type=product&#038;p=65363"},"modified":"2025-10-20T12:25:38","modified_gmt":"2025-10-20T09:25:38","slug":"rh-owb-classics-torbica","status":"publish","type":"product","link":"https:\/\/staging.nbg.eu\/sl\/izdelek\/rh-owb-classics-torbica\/","title":{"rendered":"RH OWB Classics torbica"},"content":{"rendered":"<div class=\"product-description\">\n<h2>RH OWB klasi\u010dna tok za pi\u0161tolo<\/h2>\n<p>RH OWB klasi\u010dna tok za pi\u0161tolo je izdelana iz usnja in \u0161ivanja. Ta tok za no\u0161enje zunaj pasu ponuja:<\/p>\n<ul>\n<li>Trpe\u017eno konstrukcijo za dolgotrajno uporabo<\/li>\n<li>Udobno prileganje za celodnevno no\u0161enje<\/li>\n<li>Varno zadr\u017eevanje pi\u0161tole na mestu<\/li>\n<li>Hiter in enostaven izvlek<\/li>\n<li>Klasi\u010den dizajn<\/li>\n<\/ul>\n<p>Na voljo za \u0161tevilne priljubljene modele pi\u0161tol. RH OWB klasi\u010dna tok je primerna za prikrito no\u0161enje, vadbo na streli\u0161\u010du ali odprto no\u0161enje. Tok je priljubljena med ljubitelji strelnega oro\u017eja.<\/p>\n<\/div>\n","protected":false},"excerpt":{"rendered":"<p>Varna, udobna zunanja (OWB) tok za klasi\u010dno strelno oro\u017eje. Trpe\u017ena zasnova.<\/p>\n","protected":false},"featured_media":65461,"template":"","meta":{"_acf_changed":false},"product_brand":[11648],"product_cat":[13437,13475,13424],"product_tag":[],"class_list":{"0":"post-65363","1":"product","2":"type-product","3":"status-publish","4":"has-post-thumbnail","6":"product_brand-rh-holsters","7":"product_cat-kabura","8":"product_cat-sportni-tok","9":"product_cat-takticna-kabura","10":"pa_belt-size-40mm-sl","11":"pa_light-streamlight-tlr-1","12":"pa_light-surefire-x300-ultra-a-sl","13":"pa_light-surefire-x300u","14":"pa_light-without-light-sl","15":"pa_model-1911-sl","16":"pa_model-beretta-92fs-sl","17":"pa_model-beretta-92x-sl-2","18":"pa_model-cz-75-b-sl","19":"pa_model-glock-17-sl","20":"pa_model-glock-19-17","21":"pa_model-glock-19-23-32-sl","22":"pa_model-glock-43x-sl","23":"pa_model-hk45-sl-2","24":"pa_model-sig-sauer-p226-bez-railu-sl","25":"pa_strong-hand-right-sl","27":"first","28":"instock","29":"taxable","30":"shipping-taxable","31":"purchasable","32":"product-type-variable","33":"wvs-archive-product-wrapper"},"acf":[],"_links":{"self":[{"href":"https:\/\/staging.nbg.eu\/sl\/wp-json\/wp\/v2\/product\/65363","targetHints":{"allow":["GET"]}}],"collection":[{"href":"https:\/\/staging.nbg.eu\/sl\/wp-json\/wp\/v2\/product"}],"about":[{"href":"https:\/\/staging.nbg.eu\/sl\/wp-json\/wp\/v2\/types\/product"}],"wp:featuredmedia":[{"embeddable":true,"href":"https:\/\/staging.nbg.eu\/sl\/wp-json\/wp\/v2\/media\/65461"}],"wp:attachment":[{"href":"https:\/\/staging.nbg.eu\/sl\/wp-json\/wp\/v2\/media?parent=65363"}],"wp:term":[{"taxonomy":"product_brand","embeddable":true,"href":"https:\/\/staging.nbg.eu\/sl\/wp-json\/wp\/v2\/product_brand?post=65363"},{"taxonomy":"product_cat","embeddable":true,"href":"https:\/\/staging.nbg.eu\/sl\/wp-json\/wp\/v2\/product_cat?post=65363"},{"taxonomy":"product_tag","embeddable":true,"href":"https:\/\/staging.nbg.eu\/sl\/wp-json\/wp\/v2\/product_tag?post=65363"}],"curies":[{"name":"wp","href":"https:\/\/api.w.org\/{rel}","templated":true}]}}