{"id":63576,"date":"2024-01-23T18:50:53","date_gmt":"2024-09-16T13:21:28","guid":{"rendered":"https:\/\/staging.nbg.eu\/product\/iosso-case-polish\/"},"modified":"2024-09-16T13:22:26","modified_gmt":"2024-09-16T13:22:26","slug":"iosso-polirno-sredstvo-za-tulce","status":"publish","type":"product","link":"https:\/\/staging.nbg.eu\/sl\/izdelek\/iosso-polirno-sredstvo-za-tulce\/","title":{"rendered":"Iosso polirno sredstvo za tulce"},"content":{"rendered":"<p>\nIosso polirno sredstvo za tulce:<\/p>\n<ul>\n<li>\u010cisti in polira do visokega sijaja<\/li>\n<li>Odstranjuje ne\u010disto\u010de, ostanke in oksidacijo<\/li>\n<li>Skraj\u0161a \u010das poliranja<\/li>\n<li>\u0160\u010diti pred prihodnjo oksidacijo<\/li>\n<li>Nova formula na biolo\u0161ki osnovi<\/li>\n<li>Varno za uporabnike in okolje<\/li>\n<\/ul>\n<p>Z Iosso polirnim sredstvom za tulce dose\u017eete videz kot nov na medeninastih tulcih. Primerno za umazane ali predhodno o\u010di\u0161\u010dene tulce.<\/p>\n","protected":false},"excerpt":{"rendered":"<p>Iosso poliranje tulcev: Obnovi medeninaste tulce do ble\u0161\u010de\u010dega sijaja.<\/p>\n","protected":false},"featured_media":102457,"template":"","meta":{"_acf_changed":false},"product_brand":[11488],"product_cat":[13479,13477],"product_tag":[],"class_list":{"0":"post-63576","1":"product","2":"type-product","3":"status-publish","4":"has-post-thumbnail","6":"product_brand-iosso","7":"product_cat-ponovno-polnjenje","8":"product_cat-priprava-tulcev","10":"first","11":"instock","12":"taxable","13":"shipping-taxable","14":"purchasable","15":"product-type-variable","16":"wvs-archive-product-wrapper"},"acf":[],"_links":{"self":[{"href":"https:\/\/staging.nbg.eu\/sl\/wp-json\/wp\/v2\/product\/63576","targetHints":{"allow":["GET"]}}],"collection":[{"href":"https:\/\/staging.nbg.eu\/sl\/wp-json\/wp\/v2\/product"}],"about":[{"href":"https:\/\/staging.nbg.eu\/sl\/wp-json\/wp\/v2\/types\/product"}],"wp:featuredmedia":[{"embeddable":true,"href":"https:\/\/staging.nbg.eu\/sl\/wp-json\/wp\/v2\/media\/102457"}],"wp:attachment":[{"href":"https:\/\/staging.nbg.eu\/sl\/wp-json\/wp\/v2\/media?parent=63576"}],"wp:term":[{"taxonomy":"product_brand","embeddable":true,"href":"https:\/\/staging.nbg.eu\/sl\/wp-json\/wp\/v2\/product_brand?post=63576"},{"taxonomy":"product_cat","embeddable":true,"href":"https:\/\/staging.nbg.eu\/sl\/wp-json\/wp\/v2\/product_cat?post=63576"},{"taxonomy":"product_tag","embeddable":true,"href":"https:\/\/staging.nbg.eu\/sl\/wp-json\/wp\/v2\/product_tag?post=63576"}],"curies":[{"name":"wp","href":"https:\/\/api.w.org\/{rel}","templated":true}]}}