{"id":63468,"date":"2024-01-23T19:15:27","date_gmt":"2024-09-16T13:12:58","guid":{"rendered":"https:\/\/staging.nbg.eu\/product\/iosso-cotton-knit-cleaning-patches\/"},"modified":"2024-09-16T13:13:57","modified_gmt":"2024-09-16T13:13:57","slug":"iosso-bombazni-pleteni-krpici-za-ciscenje","status":"publish","type":"product","link":"https:\/\/staging.nbg.eu\/sl\/izdelek\/iosso-bombazni-pleteni-krpici-za-ciscenje\/","title":{"rendered":"Iosso bombazni pleteni krpici za ciscenje"},"content":{"rendered":"<p>\nIosso bomba\u017ene pletene \u010distilne krpice: 100% bomba\u017e, brez kosmov in odporne proti cefranju. Pletena tkanina bolje odstranjuje ne\u010disto\u010de kot flanela ali akril. Razpolo\u017eljive velikosti:<\/p>\n<ul>\n<li>1-1\/2&#8243;: .22 pu\u0161ka do .270<\/li>\n<li>2-1\/2&#8243;: .338 do .357<\/li>\n<li>3&#8243;: \u0161ibrenice<\/li>\n<li>6&#8243;: 37-40mm<\/li>\n<\/ul>\n<p>Pletena tkanina piqu\u00e9 zagotavlja u\u010dinkovito \u010di\u0161\u010denje.<\/p>\n","protected":false},"excerpt":{"rendered":"<p>Bomba\u017ene krpice brez vlaken, pletene za vrhunsko \u010di\u0161\u010denje strelnega oro\u017eja.<\/p>\n","protected":false},"featured_media":107572,"template":"","meta":{"_acf_changed":false},"product_brand":[11488],"product_cat":[13464,13491],"product_tag":[],"class_list":{"0":"post-63468","1":"product","2":"type-product","3":"status-publish","4":"has-post-thumbnail","6":"product_brand-iosso","7":"product_cat-ciscenje-orozja","8":"product_cat-krtace","10":"first","11":"instock","12":"taxable","13":"shipping-taxable","14":"purchasable","15":"product-type-variable","16":"wvs-archive-product-wrapper"},"acf":[],"_links":{"self":[{"href":"https:\/\/staging.nbg.eu\/sl\/wp-json\/wp\/v2\/product\/63468","targetHints":{"allow":["GET"]}}],"collection":[{"href":"https:\/\/staging.nbg.eu\/sl\/wp-json\/wp\/v2\/product"}],"about":[{"href":"https:\/\/staging.nbg.eu\/sl\/wp-json\/wp\/v2\/types\/product"}],"wp:featuredmedia":[{"embeddable":true,"href":"https:\/\/staging.nbg.eu\/sl\/wp-json\/wp\/v2\/media\/107572"}],"wp:attachment":[{"href":"https:\/\/staging.nbg.eu\/sl\/wp-json\/wp\/v2\/media?parent=63468"}],"wp:term":[{"taxonomy":"product_brand","embeddable":true,"href":"https:\/\/staging.nbg.eu\/sl\/wp-json\/wp\/v2\/product_brand?post=63468"},{"taxonomy":"product_cat","embeddable":true,"href":"https:\/\/staging.nbg.eu\/sl\/wp-json\/wp\/v2\/product_cat?post=63468"},{"taxonomy":"product_tag","embeddable":true,"href":"https:\/\/staging.nbg.eu\/sl\/wp-json\/wp\/v2\/product_tag?post=63468"}],"curies":[{"name":"wp","href":"https:\/\/api.w.org\/{rel}","templated":true}]}}