{"id":63369,"date":"2024-01-23T19:37:48","date_gmt":"2024-09-16T13:09:54","guid":{"rendered":"https:\/\/staging.nbg.eu\/product\/iosso-firearms-parts-cleaner-degreaser-37l\/"},"modified":"2024-09-16T13:10:52","modified_gmt":"2024-09-16T13:10:52","slug":"iosso-cistilo-za-orozne-dele-razmascevalec-37l","status":"publish","type":"product","link":"https:\/\/staging.nbg.eu\/sl\/izdelek\/iosso-cistilo-za-orozne-dele-razmascevalec-37l\/","title":{"rendered":"Iosso cistilo za orozne dele (razmascevalec, 3,7L)"},"content":{"rendered":"<p>\n\u010cistilo za dele strelnega oro\u017eja Iosso: Razma\u0161\u010devalec za strelno oro\u017eje. To biolo\u0161ko razgradljivo \u010distilo na biolo\u0161ki osnovi odstranjuje ne\u010disto\u010de, ogljik, ma\u0161\u010dobe in ostanke. Varno za uporabo v ultrazvo\u010dnih napravah, ima nizko vsebnost hlapnih organskih spojin in je izdelano iz rastlinskih izvle\u010dkov. Nanesite s pr\u0161enjem, namakanjem ali brisanjem za \u010di\u0161\u010denje, ki je varno za uporabnika in okolje.<\/p>\n","protected":false},"excerpt":{"rendered":"<p>Okolju prijazno, mo\u010dno razma\u0161\u010devalno sredstvo za temeljito \u010di\u0161\u010denje delov oro\u017eja.<\/p>\n","protected":false},"featured_media":102536,"template":"","meta":{"_acf_changed":false},"product_brand":[11488],"product_cat":[13464,13478],"product_tag":[],"class_list":{"0":"post-63369","1":"product","2":"type-product","3":"status-publish","4":"has-post-thumbnail","6":"product_brand-iosso","7":"product_cat-ciscenje-orozja","8":"product_cat-cistila","10":"first","11":"instock","12":"taxable","13":"shipping-taxable","14":"purchasable","15":"product-type-simple"},"acf":[],"_links":{"self":[{"href":"https:\/\/staging.nbg.eu\/sl\/wp-json\/wp\/v2\/product\/63369","targetHints":{"allow":["GET"]}}],"collection":[{"href":"https:\/\/staging.nbg.eu\/sl\/wp-json\/wp\/v2\/product"}],"about":[{"href":"https:\/\/staging.nbg.eu\/sl\/wp-json\/wp\/v2\/types\/product"}],"wp:featuredmedia":[{"embeddable":true,"href":"https:\/\/staging.nbg.eu\/sl\/wp-json\/wp\/v2\/media\/102536"}],"wp:attachment":[{"href":"https:\/\/staging.nbg.eu\/sl\/wp-json\/wp\/v2\/media?parent=63369"}],"wp:term":[{"taxonomy":"product_brand","embeddable":true,"href":"https:\/\/staging.nbg.eu\/sl\/wp-json\/wp\/v2\/product_brand?post=63369"},{"taxonomy":"product_cat","embeddable":true,"href":"https:\/\/staging.nbg.eu\/sl\/wp-json\/wp\/v2\/product_cat?post=63369"},{"taxonomy":"product_tag","embeddable":true,"href":"https:\/\/staging.nbg.eu\/sl\/wp-json\/wp\/v2\/product_tag?post=63369"}],"curies":[{"name":"wp","href":"https:\/\/api.w.org\/{rel}","templated":true}]}}