{"id":63260,"date":"2024-01-23T19:51:36","date_gmt":"2024-09-16T13:03:25","guid":{"rendered":"https:\/\/staging.nbg.eu\/product\/iosso-sizing-lubricant-and-cleaner\/"},"modified":"2024-09-16T13:04:24","modified_gmt":"2024-09-16T13:04:24","slug":"iosso-mazivo-za-dimenzioniranje-in-ciscenje","status":"publish","type":"product","link":"https:\/\/staging.nbg.eu\/sl\/izdelek\/iosso-mazivo-za-dimenzioniranje-in-ciscenje\/","title":{"rendered":"Iosso mazivo za dimenzioniranje in ciscenje"},"content":{"rendered":"<p>\nIosso mazivo in \u010distilo za nastavitev velikosti: Re\u0161itev na biolo\u0161ki osnovi za nastavitev velikosti tulcev. Ta 100 ml izdelek \u010disti in ma\u017ee, prepre\u010duje zatikanje tulcev in podalj\u0161uje \u017eivljenjsko dobo matric. Enostaven za uporabo brez ostankov ali vonja. Topen v vodi, biorazgradljiv in nevnetljiv. Prepre\u010duje korozijo in rjo. Preprosto prema\u017eite tulce, nastavite velikost, nato obri\u0161ite ali sperite pred ponovnim polnjenjem.<\/p>\n","protected":false},"excerpt":{"rendered":"<p>\u010cistilo in mazivo na biolo\u0161ki osnovi za bolj gladko dimenzioniranje in dalj\u0161o \u017eivljenjsko dobo matric.<\/p>\n","protected":false},"featured_media":107670,"template":"","meta":{"_acf_changed":false},"product_brand":[11488],"product_cat":[13478,13479],"product_tag":[],"class_list":{"0":"post-63260","1":"product","2":"type-product","3":"status-publish","4":"has-post-thumbnail","6":"product_brand-iosso","7":"product_cat-cistila","8":"product_cat-ponovno-polnjenje","10":"first","11":"instock","12":"taxable","13":"shipping-taxable","14":"purchasable","15":"product-type-variable","16":"wvs-archive-product-wrapper"},"acf":[],"_links":{"self":[{"href":"https:\/\/staging.nbg.eu\/sl\/wp-json\/wp\/v2\/product\/63260","targetHints":{"allow":["GET"]}}],"collection":[{"href":"https:\/\/staging.nbg.eu\/sl\/wp-json\/wp\/v2\/product"}],"about":[{"href":"https:\/\/staging.nbg.eu\/sl\/wp-json\/wp\/v2\/types\/product"}],"wp:featuredmedia":[{"embeddable":true,"href":"https:\/\/staging.nbg.eu\/sl\/wp-json\/wp\/v2\/media\/107670"}],"wp:attachment":[{"href":"https:\/\/staging.nbg.eu\/sl\/wp-json\/wp\/v2\/media?parent=63260"}],"wp:term":[{"taxonomy":"product_brand","embeddable":true,"href":"https:\/\/staging.nbg.eu\/sl\/wp-json\/wp\/v2\/product_brand?post=63260"},{"taxonomy":"product_cat","embeddable":true,"href":"https:\/\/staging.nbg.eu\/sl\/wp-json\/wp\/v2\/product_cat?post=63260"},{"taxonomy":"product_tag","embeddable":true,"href":"https:\/\/staging.nbg.eu\/sl\/wp-json\/wp\/v2\/product_tag?post=63260"}],"curies":[{"name":"wp","href":"https:\/\/api.w.org\/{rel}","templated":true}]}}