{"id":63193,"date":"2024-01-24T09:44:05","date_gmt":"2024-09-16T13:00:59","guid":{"rendered":"https:\/\/staging.nbg.eu\/product\/iosso-triple-action-oil-solution\/"},"modified":"2024-09-16T13:02:01","modified_gmt":"2024-09-16T13:02:01","slug":"iosso-trojno-aktivno-olje","status":"publish","type":"product","link":"https:\/\/staging.nbg.eu\/sl\/izdelek\/iosso-trojno-aktivno-olje\/","title":{"rendered":"Iosso trojno aktivno olje"},"content":{"rendered":"<p>\nIosso olje s trojnim delovanjem: \u010cisti, ma\u017ee in \u0161\u010diti strelno oro\u017eje z biolo\u0161ko razgradljivo formulo na rastlinski osnovi. Prodira in spro\u0161\u010da prah, ogljik in plasti\u010dne dele. Mazivo za dele in zaviralec korozije. Deluje pri ekstremnih temperaturah do -65\u00b0C. Primerno za \u010di\u0161\u010denje cevi in vzdr\u017eevanje oro\u017eja.<\/p>\n","protected":false},"excerpt":{"rendered":"<p>Okolju prijazno olje u\u010dinkovito \u010disti, ma\u017ee in \u0161\u010diti strelno oro\u017eje.<\/p>\n","protected":false},"featured_media":107624,"template":"","meta":{"_acf_changed":false},"product_brand":[11488],"product_cat":[13464,13478,13452],"product_tag":[],"class_list":{"0":"post-63193","1":"product","2":"type-product","3":"status-publish","4":"has-post-thumbnail","6":"product_brand-iosso","7":"product_cat-ciscenje-orozja","8":"product_cat-cistila","9":"product_cat-maziva","11":"first","12":"instock","13":"taxable","14":"shipping-taxable","15":"purchasable","16":"product-type-variable","17":"wvs-archive-product-wrapper"},"acf":[],"_links":{"self":[{"href":"https:\/\/staging.nbg.eu\/sl\/wp-json\/wp\/v2\/product\/63193","targetHints":{"allow":["GET"]}}],"collection":[{"href":"https:\/\/staging.nbg.eu\/sl\/wp-json\/wp\/v2\/product"}],"about":[{"href":"https:\/\/staging.nbg.eu\/sl\/wp-json\/wp\/v2\/types\/product"}],"wp:featuredmedia":[{"embeddable":true,"href":"https:\/\/staging.nbg.eu\/sl\/wp-json\/wp\/v2\/media\/107624"}],"wp:attachment":[{"href":"https:\/\/staging.nbg.eu\/sl\/wp-json\/wp\/v2\/media?parent=63193"}],"wp:term":[{"taxonomy":"product_brand","embeddable":true,"href":"https:\/\/staging.nbg.eu\/sl\/wp-json\/wp\/v2\/product_brand?post=63193"},{"taxonomy":"product_cat","embeddable":true,"href":"https:\/\/staging.nbg.eu\/sl\/wp-json\/wp\/v2\/product_cat?post=63193"},{"taxonomy":"product_tag","embeddable":true,"href":"https:\/\/staging.nbg.eu\/sl\/wp-json\/wp\/v2\/product_tag?post=63193"}],"curies":[{"name":"wp","href":"https:\/\/api.w.org\/{rel}","templated":true}]}}