{"id":63113,"date":"2024-01-24T18:43:40","date_gmt":"2024-09-16T12:56:20","guid":{"rendered":"https:\/\/staging.nbg.eu\/product\/iosso-ar-bolt-carrier-key-tube-brush\/"},"modified":"2024-09-16T12:57:18","modified_gmt":"2024-09-16T12:57:18","slug":"iosso-scetka-za-cev-kljuca-ohisja-zaklepa-ar","status":"publish","type":"product","link":"https:\/\/staging.nbg.eu\/sl\/izdelek\/iosso-scetka-za-cev-kljuca-ohisja-zaklepa-ar\/","title":{"rendered":"Iosso scetka za cev kljuca ohisja zaklepa AR"},"content":{"rendered":"<p>\nIosso AR krta\u010da za klju\u010d nosilca zaklepa: Ustreza velikosti, odstranjuje ogljikove obloge. Uporabljajte z Iosso oljem. Ne pu\u0161\u010da vlaken. Primerno za vzdr\u017eevanje AR pu\u0161k.<\/p>\n","protected":false},"excerpt":{"rendered":"<p>Iosso AR krta\u010da za \u010di\u0161\u010denje klju\u010da nosilca zaklepa: U\u010dinkovito \u010disti nakopi\u010den ogljik.<\/p>\n","protected":false},"featured_media":102294,"template":"","meta":{"_acf_changed":false},"product_brand":[11488],"product_cat":[13464,13491],"product_tag":[],"class_list":{"0":"post-63113","1":"product","2":"type-product","3":"status-publish","4":"has-post-thumbnail","6":"product_brand-iosso","7":"product_cat-ciscenje-orozja","8":"product_cat-krtace","10":"first","11":"instock","12":"taxable","13":"shipping-taxable","14":"purchasable","15":"product-type-simple"},"acf":[],"_links":{"self":[{"href":"https:\/\/staging.nbg.eu\/sl\/wp-json\/wp\/v2\/product\/63113","targetHints":{"allow":["GET"]}}],"collection":[{"href":"https:\/\/staging.nbg.eu\/sl\/wp-json\/wp\/v2\/product"}],"about":[{"href":"https:\/\/staging.nbg.eu\/sl\/wp-json\/wp\/v2\/types\/product"}],"wp:featuredmedia":[{"embeddable":true,"href":"https:\/\/staging.nbg.eu\/sl\/wp-json\/wp\/v2\/media\/102294"}],"wp:attachment":[{"href":"https:\/\/staging.nbg.eu\/sl\/wp-json\/wp\/v2\/media?parent=63113"}],"wp:term":[{"taxonomy":"product_brand","embeddable":true,"href":"https:\/\/staging.nbg.eu\/sl\/wp-json\/wp\/v2\/product_brand?post=63113"},{"taxonomy":"product_cat","embeddable":true,"href":"https:\/\/staging.nbg.eu\/sl\/wp-json\/wp\/v2\/product_cat?post=63113"},{"taxonomy":"product_tag","embeddable":true,"href":"https:\/\/staging.nbg.eu\/sl\/wp-json\/wp\/v2\/product_tag?post=63113"}],"curies":[{"name":"wp","href":"https:\/\/api.w.org\/{rel}","templated":true}]}}