{"id":63029,"date":"2024-01-25T20:06:46","date_gmt":"2024-09-16T12:23:31","guid":{"rendered":"https:\/\/staging.nbg.eu\/product\/iosso-ar-rifle-gas-tube-cleaning-kit\/"},"modified":"2024-09-16T12:24:28","modified_gmt":"2024-09-16T12:24:28","slug":"iosso-cistilni-komplet-za-plinsko-cev-ar-puske","status":"publish","type":"product","link":"https:\/\/staging.nbg.eu\/sl\/izdelek\/iosso-cistilni-komplet-za-plinsko-cev-ar-puske\/","title":{"rendered":"Iosso cistilni komplet za plinsko cev AR puske"},"content":{"rendered":"<p>\nKomplet za \u010di\u0161\u010denje plinske cevi pu\u0161ke AR Iosso vsebuje:<\/p>\n<ul>\n<li>Dve specializirani krta\u010di za plinsko cev<\/li>\n<li>Prozorno vodilno cev<\/li>\n<li>Iosso olje s trojnim delovanjem<\/li>\n<\/ul>\n<p>O\u010distite plinsko cev brez razstavljanja, kar zagotavlja pravilno delovanje zaklepa in prepre\u010duje nabiranje ogljika. Ta sistem \u010di\u0161\u010denja prihrani \u010das in trud.<\/p>\n","protected":false},"excerpt":{"rendered":"<p>U\u010dinkovito \u010distilo za plinsko cev AR &#8211; razstavljanje ni potrebno.<\/p>\n","protected":false},"featured_media":102332,"template":"","meta":{"_acf_changed":false},"product_brand":[11488],"product_cat":[13464,13491],"product_tag":[],"class_list":{"0":"post-63029","1":"product","2":"type-product","3":"status-publish","4":"has-post-thumbnail","6":"product_brand-iosso","7":"product_cat-ciscenje-orozja","8":"product_cat-krtace","10":"first","11":"instock","12":"taxable","13":"shipping-taxable","14":"purchasable","15":"product-type-simple"},"acf":[],"_links":{"self":[{"href":"https:\/\/staging.nbg.eu\/sl\/wp-json\/wp\/v2\/product\/63029","targetHints":{"allow":["GET"]}}],"collection":[{"href":"https:\/\/staging.nbg.eu\/sl\/wp-json\/wp\/v2\/product"}],"about":[{"href":"https:\/\/staging.nbg.eu\/sl\/wp-json\/wp\/v2\/types\/product"}],"wp:featuredmedia":[{"embeddable":true,"href":"https:\/\/staging.nbg.eu\/sl\/wp-json\/wp\/v2\/media\/102332"}],"wp:attachment":[{"href":"https:\/\/staging.nbg.eu\/sl\/wp-json\/wp\/v2\/media?parent=63029"}],"wp:term":[{"taxonomy":"product_brand","embeddable":true,"href":"https:\/\/staging.nbg.eu\/sl\/wp-json\/wp\/v2\/product_brand?post=63029"},{"taxonomy":"product_cat","embeddable":true,"href":"https:\/\/staging.nbg.eu\/sl\/wp-json\/wp\/v2\/product_cat?post=63029"},{"taxonomy":"product_tag","embeddable":true,"href":"https:\/\/staging.nbg.eu\/sl\/wp-json\/wp\/v2\/product_tag?post=63029"}],"curies":[{"name":"wp","href":"https:\/\/api.w.org\/{rel}","templated":true}]}}