{"id":62975,"date":"2024-01-25T20:19:03","date_gmt":"2024-09-16T12:21:35","guid":{"rendered":"https:\/\/staging.nbg.eu\/product\/iosso-chamber-brushes-2-pack\/"},"modified":"2024-09-16T12:22:37","modified_gmt":"2024-09-16T12:22:37","slug":"iosso-scetke-za-patronsko-lezisce-2-kosa","status":"publish","type":"product","link":"https:\/\/staging.nbg.eu\/sl\/izdelek\/iosso-scetke-za-patronsko-lezisce-2-kosa\/","title":{"rendered":"Iosso scetke za patronsko lezisce 2 kosa"},"content":{"rendered":"<p style=\"text-align: center\"><strong><span style=\"font-size: 170%\">Iosso komorni \u0161\u010detki (2 paketa)<\/span><\/strong><\/p>\n<p>Prvi \u0161\u010detki za \u010di\u0161\u010denje komore 6.5 Creedmoor. Izdelani so v natan\u010dnih merah za natan\u010dno \u010di\u0161\u010denje. Narejeni so iz modrega vlakna, ki je debelo, togo in ohranja obliko, za razliko od tradicionalnih medeninastih in bronastih \u0161\u010detk. Lahko se uporabijo ve\u010dkrat, preden se obrabijo. Paket vsebuje 2 \u0161\u010detki. Priporo\u010dena \u010distila za uporabo s to \u0161\u010detko sta Iosso \u010distilo za cev in Iosso olje s trojnim delovanjem. <strong>Modre \u0161\u010detke so blagovna znamka izdelkov Iosso.<\/strong><\/p>\n<table width=\"305\">\n<tbody>\n<tr>\n<td width=\"305\"><strong>AR-15 komorni \u0161\u010detki z nastavkom, 2 kosa<\/strong><\/td>\n<\/tr>\n<tr>\n<td><strong>Grendel AR-15 6.5 komorni \u0161\u010detki, 2 kosa<\/strong><\/td>\n<\/tr>\n<tr>\n<td><strong>Creedmoor 6.5 komorni \u0161\u010detki, 2 kosa<\/strong><\/td>\n<\/tr>\n<tr>\n<td><strong>AR.308 pu\u0161kini komorni \u0161\u010detki z nastavkom, 2 kosa<\/strong><\/td>\n<\/tr>\n<\/tbody>\n<\/table>\n","protected":false},"excerpt":{"rendered":"<p><strong>Prvi \u0161\u010detka za \u010di\u0161\u010denje komore 6.5 Creedmoor<\/strong><\/p>\n","protected":false},"featured_media":107693,"template":"","meta":{"_acf_changed":false},"product_brand":[11488],"product_cat":[13464,13491],"product_tag":[],"class_list":{"0":"post-62975","1":"product","2":"type-product","3":"status-publish","4":"has-post-thumbnail","6":"product_brand-iosso","7":"product_cat-ciscenje-orozja","8":"product_cat-krtace","9":"pa_model-6-5-creedmoor-sl","10":"pa_model-6-5-grendel-sl","11":"pa_model-ar-308-sl","12":"pa_model-ar-15-sl","14":"first","15":"instock","16":"taxable","17":"shipping-taxable","18":"purchasable","19":"product-type-variable","20":"wvs-archive-product-wrapper"},"acf":[],"_links":{"self":[{"href":"https:\/\/staging.nbg.eu\/sl\/wp-json\/wp\/v2\/product\/62975","targetHints":{"allow":["GET"]}}],"collection":[{"href":"https:\/\/staging.nbg.eu\/sl\/wp-json\/wp\/v2\/product"}],"about":[{"href":"https:\/\/staging.nbg.eu\/sl\/wp-json\/wp\/v2\/types\/product"}],"wp:featuredmedia":[{"embeddable":true,"href":"https:\/\/staging.nbg.eu\/sl\/wp-json\/wp\/v2\/media\/107693"}],"wp:attachment":[{"href":"https:\/\/staging.nbg.eu\/sl\/wp-json\/wp\/v2\/media?parent=62975"}],"wp:term":[{"taxonomy":"product_brand","embeddable":true,"href":"https:\/\/staging.nbg.eu\/sl\/wp-json\/wp\/v2\/product_brand?post=62975"},{"taxonomy":"product_cat","embeddable":true,"href":"https:\/\/staging.nbg.eu\/sl\/wp-json\/wp\/v2\/product_cat?post=62975"},{"taxonomy":"product_tag","embeddable":true,"href":"https:\/\/staging.nbg.eu\/sl\/wp-json\/wp\/v2\/product_tag?post=62975"}],"curies":[{"name":"wp","href":"https:\/\/api.w.org\/{rel}","templated":true}]}}