{"id":62857,"date":"2024-01-25T20:40:36","date_gmt":"2024-09-16T12:17:40","guid":{"rendered":"https:\/\/staging.nbg.eu\/product\/iosso-shotgun-adapter-brass-8-32-to-5-16-27\/"},"modified":"2024-09-16T12:18:38","modified_gmt":"2024-09-16T12:18:38","slug":"iosso-adapter-za-lovsko-pusko-medenina-832-na-516-27","status":"publish","type":"product","link":"https:\/\/staging.nbg.eu\/sl\/izdelek\/iosso-adapter-za-lovsko-pusko-medenina-832-na-516-27\/","title":{"rendered":"Iosso adapter za lovsko pusko medenina 8\/32 na 5\/16-27"},"content":{"rendered":"<p>\nIosso adapter za pu\u0161ko: 8\/32 mo\u0161ki na 5\/16-27 \u017eenski. Pretvarja palice za \u0161\u010detke za pu\u0161ke. Iz masivnega medenine, izdelano v ZDA.<\/p>\n","protected":false},"excerpt":{"rendered":"<p>Medeninasti adapter: mo\u0161ki 8\/32 na \u017eenski 5\/16-27. Za \u0161\u010detke za pu\u0161ke. Izdelano v ZDA.<\/p>\n","protected":false},"featured_media":107318,"template":"","meta":{"_acf_changed":false},"product_brand":[11488],"product_cat":[13464,13491],"product_tag":[],"class_list":{"0":"post-62857","1":"product","2":"type-product","3":"status-publish","4":"has-post-thumbnail","6":"product_brand-iosso","7":"product_cat-ciscenje-orozja","8":"product_cat-krtace","10":"first","11":"instock","12":"taxable","13":"shipping-taxable","14":"purchasable","15":"product-type-simple"},"acf":[],"_links":{"self":[{"href":"https:\/\/staging.nbg.eu\/sl\/wp-json\/wp\/v2\/product\/62857","targetHints":{"allow":["GET"]}}],"collection":[{"href":"https:\/\/staging.nbg.eu\/sl\/wp-json\/wp\/v2\/product"}],"about":[{"href":"https:\/\/staging.nbg.eu\/sl\/wp-json\/wp\/v2\/types\/product"}],"wp:featuredmedia":[{"embeddable":true,"href":"https:\/\/staging.nbg.eu\/sl\/wp-json\/wp\/v2\/media\/107318"}],"wp:attachment":[{"href":"https:\/\/staging.nbg.eu\/sl\/wp-json\/wp\/v2\/media?parent=62857"}],"wp:term":[{"taxonomy":"product_brand","embeddable":true,"href":"https:\/\/staging.nbg.eu\/sl\/wp-json\/wp\/v2\/product_brand?post=62857"},{"taxonomy":"product_cat","embeddable":true,"href":"https:\/\/staging.nbg.eu\/sl\/wp-json\/wp\/v2\/product_cat?post=62857"},{"taxonomy":"product_tag","embeddable":true,"href":"https:\/\/staging.nbg.eu\/sl\/wp-json\/wp\/v2\/product_tag?post=62857"}],"curies":[{"name":"wp","href":"https:\/\/api.w.org\/{rel}","templated":true}]}}