{"id":62645,"date":"2024-02-13T19:47:45","date_gmt":"2024-09-16T11:59:23","guid":{"rendered":"https:\/\/staging.nbg.eu\/product\/geissele-chf-chrome-lined-barrel-5-56-16\/"},"modified":"2024-09-16T12:00:24","modified_gmt":"2024-09-16T12:00:24","slug":"geissele-chf-cev-s-kromano-oblogo-556-16","status":"publish","type":"product","link":"https:\/\/staging.nbg.eu\/sl\/izdelek\/geissele-chf-cev-s-kromano-oblogo-556-16\/","title":{"rendered":"Geissele CHF cev s kromano oblogo 5.56 &#8211; 16&#8243;"},"content":{"rendered":"<div class=\"product-description\">\n<h2>Geissele CHF kromirano cev &#8211; 5,56<\/h2>\n<p>Geissele CHF kromirano cev v 5,56 NATO je izdelana v North Wales, PA. Ta cev zdru\u017euje tehnologijo s kakovostno izdelavo.<\/p>\n<ul>\n<li>Hladno kovana (CHF) za ve\u010djo trdnost in \u017eivljenjsko dobo<\/li>\n<li>Kromirano za bolj\u0161o odpornost proti koroziji in la\u017eje \u010di\u0161\u010denje<\/li>\n<li>Visokotla\u010dno preizku\u0161ena (HPT) in magnetno preverjana (MPI) za zagotavljanje kakovosti<\/li>\n<li>Primerna za slu\u017ebeno oro\u017eje, tekmovalno oro\u017eje in druge namene<\/li>\n<li>Natan\u010dno obdelana z uporabo kakovostnih materialov za konsistentnost in natan\u010dnost<\/li>\n<\/ul>\n<p>Izberite Geissele za zmogljivost v vseh situacijah.<\/p>\n<\/div>\n","protected":false},"excerpt":{"rendered":"<p>Precizno kovana cev kalibra 5,56. HPT\/MPI testirana za zanesljivost.<\/p>\n","protected":false},"featured_media":62646,"template":"","meta":{"_acf_changed":false},"product_brand":[11389],"product_cat":[13457,13480,13432,13483],"product_tag":[],"class_list":{"0":"post-62645","1":"product","2":"type-product","3":"status-publish","4":"has-post-thumbnail","6":"product_brand-geissele","7":"product_cat-cevi","8":"product_cat-karabinke","9":"product_cat-nastavitve-puske","10":"product_cat-puska","12":"first","13":"instock","14":"taxable","15":"shipping-taxable","16":"product-type-simple"},"acf":[],"_links":{"self":[{"href":"https:\/\/staging.nbg.eu\/sl\/wp-json\/wp\/v2\/product\/62645","targetHints":{"allow":["GET"]}}],"collection":[{"href":"https:\/\/staging.nbg.eu\/sl\/wp-json\/wp\/v2\/product"}],"about":[{"href":"https:\/\/staging.nbg.eu\/sl\/wp-json\/wp\/v2\/types\/product"}],"wp:featuredmedia":[{"embeddable":true,"href":"https:\/\/staging.nbg.eu\/sl\/wp-json\/wp\/v2\/media\/62646"}],"wp:attachment":[{"href":"https:\/\/staging.nbg.eu\/sl\/wp-json\/wp\/v2\/media?parent=62645"}],"wp:term":[{"taxonomy":"product_brand","embeddable":true,"href":"https:\/\/staging.nbg.eu\/sl\/wp-json\/wp\/v2\/product_brand?post=62645"},{"taxonomy":"product_cat","embeddable":true,"href":"https:\/\/staging.nbg.eu\/sl\/wp-json\/wp\/v2\/product_cat?post=62645"},{"taxonomy":"product_tag","embeddable":true,"href":"https:\/\/staging.nbg.eu\/sl\/wp-json\/wp\/v2\/product_tag?post=62645"}],"curies":[{"name":"wp","href":"https:\/\/api.w.org\/{rel}","templated":true}]}}