{"id":62563,"date":"2024-02-13T19:59:19","date_gmt":"2024-09-16T11:57:32","guid":{"rendered":"https:\/\/staging.nbg.eu\/product\/geissele-chf-chrome-lined-barrel-5-56-12-5\/"},"modified":"2024-09-16T11:58:35","modified_gmt":"2024-09-16T11:58:35","slug":"geissele-chf-cev-s-kromano-oblogo-556-125","status":"publish","type":"product","link":"https:\/\/staging.nbg.eu\/sl\/izdelek\/geissele-chf-cev-s-kromano-oblogo-556-125\/","title":{"rendered":"Geissele CHF cev s kromano oblogo 5.56 &#8211; 12.5&#8243;"},"content":{"rendered":"<div class=\"product-description\">\n<h2>Geissele CHF kromirana cev &#8211; 5,56<\/h2>\n<p>Geissele CHF kromirana cev v kalibru 5,56 NATO je izdelana v North Wales, PA. Ta cev zdru\u017euje sodobno tehnologijo in kakovostno izdelavo.<\/p>\n<ul>\n<li>Hladno kovana (CHF) za ve\u010djo trdnost in \u017eivljenjsko dobo<\/li>\n<li>Kromirana za ve\u010djo odpornost proti koroziji in la\u017eje \u010di\u0161\u010denje<\/li>\n<li>Preizku\u0161ena pod visokim tlakom (HPT) in magnetno pregledana (MPI) za zagotavljanje kakovosti<\/li>\n<li>Primerna za slu\u017ebeno oro\u017eje, tekmovalno oro\u017eje in vse vmes<\/li>\n<li>Natan\u010dno obdelana z uporabo kakovostnih materialov za konsistentnost in natan\u010dnost<\/li>\n<\/ul>\n<p>Izberite Geissele za zanesljivo delovanje v razli\u010dnih situacijah.<\/p>\n<\/div>\n","protected":false},"excerpt":{"rendered":"<p>Precizno kovana cev 5,56. Preizku\u0161ena s HPT\/MPI za zanesljivost.<\/p>\n","protected":false},"featured_media":62564,"template":"","meta":{"_acf_changed":false},"product_brand":[11389],"product_cat":[13457,13480,13432,13483],"product_tag":[],"class_list":{"0":"post-62563","1":"product","2":"type-product","3":"status-publish","4":"has-post-thumbnail","6":"product_brand-geissele","7":"product_cat-cevi","8":"product_cat-karabinke","9":"product_cat-nastavitve-puske","10":"product_cat-puska","12":"first","13":"instock","14":"taxable","15":"shipping-taxable","16":"product-type-simple"},"acf":[],"_links":{"self":[{"href":"https:\/\/staging.nbg.eu\/sl\/wp-json\/wp\/v2\/product\/62563","targetHints":{"allow":["GET"]}}],"collection":[{"href":"https:\/\/staging.nbg.eu\/sl\/wp-json\/wp\/v2\/product"}],"about":[{"href":"https:\/\/staging.nbg.eu\/sl\/wp-json\/wp\/v2\/types\/product"}],"wp:featuredmedia":[{"embeddable":true,"href":"https:\/\/staging.nbg.eu\/sl\/wp-json\/wp\/v2\/media\/62564"}],"wp:attachment":[{"href":"https:\/\/staging.nbg.eu\/sl\/wp-json\/wp\/v2\/media?parent=62563"}],"wp:term":[{"taxonomy":"product_brand","embeddable":true,"href":"https:\/\/staging.nbg.eu\/sl\/wp-json\/wp\/v2\/product_brand?post=62563"},{"taxonomy":"product_cat","embeddable":true,"href":"https:\/\/staging.nbg.eu\/sl\/wp-json\/wp\/v2\/product_cat?post=62563"},{"taxonomy":"product_tag","embeddable":true,"href":"https:\/\/staging.nbg.eu\/sl\/wp-json\/wp\/v2\/product_tag?post=62563"}],"curies":[{"name":"wp","href":"https:\/\/api.w.org\/{rel}","templated":true}]}}