{"id":62401,"date":"2024-02-14T06:58:29","date_gmt":"2024-09-16T11:50:17","guid":{"rendered":"https:\/\/staging.nbg.eu\/product\/geissele-super-mcx-ssa-m4-curved-trigger\/"},"modified":"2024-09-16T11:51:16","modified_gmt":"2024-09-16T11:51:16","slug":"geissele-super-mcx-ssa-m4-ukrivljen-sprozilec","status":"publish","type":"product","link":"https:\/\/staging.nbg.eu\/sl\/izdelek\/geissele-super-mcx-ssa-m4-ukrivljen-sprozilec\/","title":{"rendered":"Geissele Super MCX SSA &#8211; M4 ukrivljen spro\u017eilec"},"content":{"rendered":"<div class=\"product-description\">\n<h2>Geissele Super MCX SSA &#8211; M4 ukrivljena spro\u017eilec<\/h2>\n<p>Geissele Super MCX SSA je dvostopenjski spro\u017eilec, razvit iz na\u0161ega CRANE varnostno certificiranega spro\u017eilca za karabinko M4. Ta pribli\u017eno 4,5 funtov te\u017eek nenastavljivi spro\u017eilec ponuja:<\/p>\n<ul>\n<li>Natan\u010den nadzor spro\u017eilca<\/li>\n<li>Dovolj lahek za natan\u010dne aplikacije<\/li>\n<li>Primeren za zahtevne scenarije, kot je boj na kratke razdalje<\/li>\n<li>Primeren za lov, policijo in voja\u0161ko uporabo<\/li>\n<\/ul>\n<p>Super MCX SSA zdru\u017euje zmogljivost, zanesljivost, varnost in vsestranskost, zaradi \u010desar je vsestransko uporaben spro\u017eilec za va\u0161e strelno oro\u017eje.<\/p>\n<\/div>\n","protected":false},"excerpt":{"rendered":"<p>Visoko zmogljiv 2-stopenjski spro\u017eilec za natan\u010dnost in boj na kratke razdalje. 2 kg potezna sila.<\/p>\n","protected":false},"featured_media":62402,"template":"","meta":{"_acf_changed":false},"product_brand":[11389],"product_cat":[13432,13483,13420],"product_tag":[],"class_list":{"0":"post-62401","1":"product","2":"type-product","3":"status-publish","4":"has-post-thumbnail","6":"product_brand-geissele","7":"product_cat-nastavitve-puske","8":"product_cat-puska","9":"product_cat-sprozilci","11":"first","12":"instock","13":"taxable","14":"shipping-taxable","15":"product-type-simple"},"acf":[],"_links":{"self":[{"href":"https:\/\/staging.nbg.eu\/sl\/wp-json\/wp\/v2\/product\/62401","targetHints":{"allow":["GET"]}}],"collection":[{"href":"https:\/\/staging.nbg.eu\/sl\/wp-json\/wp\/v2\/product"}],"about":[{"href":"https:\/\/staging.nbg.eu\/sl\/wp-json\/wp\/v2\/types\/product"}],"wp:featuredmedia":[{"embeddable":true,"href":"https:\/\/staging.nbg.eu\/sl\/wp-json\/wp\/v2\/media\/62402"}],"wp:attachment":[{"href":"https:\/\/staging.nbg.eu\/sl\/wp-json\/wp\/v2\/media?parent=62401"}],"wp:term":[{"taxonomy":"product_brand","embeddable":true,"href":"https:\/\/staging.nbg.eu\/sl\/wp-json\/wp\/v2\/product_brand?post=62401"},{"taxonomy":"product_cat","embeddable":true,"href":"https:\/\/staging.nbg.eu\/sl\/wp-json\/wp\/v2\/product_cat?post=62401"},{"taxonomy":"product_tag","embeddable":true,"href":"https:\/\/staging.nbg.eu\/sl\/wp-json\/wp\/v2\/product_tag?post=62401"}],"curies":[{"name":"wp","href":"https:\/\/api.w.org\/{rel}","templated":true}]}}