{"id":62275,"date":"2024-02-14T07:22:04","date_gmt":"2024-02-14T07:22:04","guid":{"rendered":"https:\/\/staging.nbg.eu\/product\/geissele-super-semi-automatic-enhanced-ssa-e-trigger\/"},"modified":"2024-09-16T11:45:30","modified_gmt":"2024-09-16T11:45:30","slug":"geissele-super-semi-automatic-enhanced-ssa-e-sprozilec","status":"publish","type":"product","link":"https:\/\/staging.nbg.eu\/sl\/izdelek\/geissele-super-semi-automatic-enhanced-ssa-e-sprozilec\/","title":{"rendered":"Geissele Super Semi-Automatic Enhanced (SSA-E\u2122) spro\u017eilec"},"content":{"rendered":"<div class=\"product-description\">\n<h2>Geissele Super Semi-Avtomatski Izbolj\u0161ani (SSA-E\u2122) Spro\u017eilec<\/h2>\n<p>Geissele SSA-E\u2122 spro\u017eilec, zgrajen na osnovi SSA\u00ae. Ta izbolj\u0161ani dvostopenjski spro\u017eilec ponuja:<\/p>\n<ul>\n<li>Zmanj\u0161ane sile potega za la\u017eje delovanje<\/li>\n<li>Lahek prvi korak<\/li>\n<li>\u010cist prelom druge stopnje<\/li>\n<li>Zanesljivost preizku\u0161ena v boju<\/li>\n<li>Nenastavljiv\u0430 zasnova za takoj\u0161njo namestitev<\/li>\n<\/ul>\n<p>Primeren za precizne pu\u0161ke ostrostrelcev. SSA-E\u2122 omogo\u010da bolj\u0161i nadzor spro\u017eilca in natan\u010dnost oro\u017eja. Razvit iz na\u0161ega polno avtomatskega bojnega spro\u017eilca, ki ga uporablja posebna enota ameri\u0161ke vojske, ta polavtomatska razli\u010dica zagotavlja visoko zmogljivost, kjer je zanesljivost klju\u010dnega pomena.<\/p>\n<\/div>\n","protected":false},"excerpt":{"rendered":"<p>Izbolj\u0161ana natan\u010dnost spro\u017eilca za strelce: gladek poteg, ostro pro\u017eenje.<\/p>\n","protected":false},"featured_media":62276,"template":"","meta":{"_acf_changed":false},"product_brand":[11389],"product_cat":[13432,13483,13420],"product_tag":[],"class_list":{"0":"post-62275","1":"product","2":"type-product","3":"status-publish","4":"has-post-thumbnail","6":"product_brand-geissele","7":"product_cat-nastavitve-puske","8":"product_cat-puska","9":"product_cat-sprozilci","11":"first","12":"instock","13":"taxable","14":"shipping-taxable","15":"product-type-simple"},"acf":[],"_links":{"self":[{"href":"https:\/\/staging.nbg.eu\/sl\/wp-json\/wp\/v2\/product\/62275","targetHints":{"allow":["GET"]}}],"collection":[{"href":"https:\/\/staging.nbg.eu\/sl\/wp-json\/wp\/v2\/product"}],"about":[{"href":"https:\/\/staging.nbg.eu\/sl\/wp-json\/wp\/v2\/types\/product"}],"wp:featuredmedia":[{"embeddable":true,"href":"https:\/\/staging.nbg.eu\/sl\/wp-json\/wp\/v2\/media\/62276"}],"wp:attachment":[{"href":"https:\/\/staging.nbg.eu\/sl\/wp-json\/wp\/v2\/media?parent=62275"}],"wp:term":[{"taxonomy":"product_brand","embeddable":true,"href":"https:\/\/staging.nbg.eu\/sl\/wp-json\/wp\/v2\/product_brand?post=62275"},{"taxonomy":"product_cat","embeddable":true,"href":"https:\/\/staging.nbg.eu\/sl\/wp-json\/wp\/v2\/product_cat?post=62275"},{"taxonomy":"product_tag","embeddable":true,"href":"https:\/\/staging.nbg.eu\/sl\/wp-json\/wp\/v2\/product_tag?post=62275"}],"curies":[{"name":"wp","href":"https:\/\/api.w.org\/{rel}","templated":true}]}}