{"id":62133,"date":"2024-02-14T07:32:28","date_gmt":"2024-09-16T11:41:48","guid":{"rendered":"https:\/\/staging.nbg.eu\/product\/geissele-ssa-x-trigger-with-lightning-bow\/"},"modified":"2024-09-16T11:42:48","modified_gmt":"2024-09-16T11:42:48","slug":"geissele-ssa-x-sprozilec-z-lightning-bow","status":"publish","type":"product","link":"https:\/\/staging.nbg.eu\/sl\/izdelek\/geissele-ssa-x-sprozilec-z-lightning-bow\/","title":{"rendered":"Geissele SSA X spro\u017eilec z Lightning Bow\u00ae"},"content":{"rendered":"<div class=\"product-description\">\n<h2>Geissele SSA X spro\u017eilec z Lightning Bow\u00ae tehnologijo<\/h2>\n<p>SSA-X s tehnologijo Lightning Bow\u00ae vklju\u010duje:<\/p>\n<ul>\n<li>Delno ukrivljen, \u0161irok profil<\/li>\n<li>Lastnosti standardnih ukrivljenih AR spro\u017eilcev in ravnih zasnov<\/li>\n<li>Nanoweapon premaz za bolj\u0161o odpornost proti obrabi in koroziji<\/li>\n<li>Delovanje z minimalno potrebo po mazanju<\/li>\n<\/ul>\n<p>Kot naslednik SSA, ta spro\u017eilec za slu\u017ebeno uporabo ponuja:<\/p>\n<ul>\n<li>Natan\u010dnost za streljanje na dolge razdalje<\/li>\n<li>Primernost za scenarije boja na kratke razdalje (CQB)<\/li>\n<\/ul>\n<p>Geissele SSA X spro\u017eilec izbolj\u0161a delovanje va\u0161ega AR oro\u017eja.<\/p>\n<\/div>\n","protected":false},"excerpt":{"rendered":"<p>Natan\u010dno izdelan AR spro\u017eilec s hibridnim lokom za vrhunski nadzor in vzdr\u017eljivost.<\/p>\n","protected":false},"featured_media":62134,"template":"","meta":{"_acf_changed":false},"product_brand":[11389],"product_cat":[13432,13483,13420],"product_tag":[],"class_list":{"0":"post-62133","1":"product","2":"type-product","3":"status-publish","4":"has-post-thumbnail","6":"product_brand-geissele","7":"product_cat-nastavitve-puske","8":"product_cat-puska","9":"product_cat-sprozilci","11":"first","12":"instock","13":"taxable","14":"shipping-taxable","15":"product-type-simple"},"acf":[],"_links":{"self":[{"href":"https:\/\/staging.nbg.eu\/sl\/wp-json\/wp\/v2\/product\/62133","targetHints":{"allow":["GET"]}}],"collection":[{"href":"https:\/\/staging.nbg.eu\/sl\/wp-json\/wp\/v2\/product"}],"about":[{"href":"https:\/\/staging.nbg.eu\/sl\/wp-json\/wp\/v2\/types\/product"}],"wp:featuredmedia":[{"embeddable":true,"href":"https:\/\/staging.nbg.eu\/sl\/wp-json\/wp\/v2\/media\/62134"}],"wp:attachment":[{"href":"https:\/\/staging.nbg.eu\/sl\/wp-json\/wp\/v2\/media?parent=62133"}],"wp:term":[{"taxonomy":"product_brand","embeddable":true,"href":"https:\/\/staging.nbg.eu\/sl\/wp-json\/wp\/v2\/product_brand?post=62133"},{"taxonomy":"product_cat","embeddable":true,"href":"https:\/\/staging.nbg.eu\/sl\/wp-json\/wp\/v2\/product_cat?post=62133"},{"taxonomy":"product_tag","embeddable":true,"href":"https:\/\/staging.nbg.eu\/sl\/wp-json\/wp\/v2\/product_tag?post=62133"}],"curies":[{"name":"wp","href":"https:\/\/api.w.org\/{rel}","templated":true}]}}