{"id":62070,"date":"2024-02-14T07:49:55","date_gmt":"2024-09-16T11:38:47","guid":{"rendered":"https:\/\/staging.nbg.eu\/product\/geissele-ssa-e-x-trigger-with-lightning-bow\/"},"modified":"2024-09-16T11:39:46","modified_gmt":"2024-09-16T11:39:46","slug":"geissele-ssa-e-x-sprozilec-z-lightning-bow","status":"publish","type":"product","link":"https:\/\/staging.nbg.eu\/sl\/izdelek\/geissele-ssa-e-x-sprozilec-z-lightning-bow\/","title":{"rendered":"Geissele SSA-E X spro\u017eilec z Lightning Bow\u00ae"},"content":{"rendered":"<div class=\"product-description\">\n<h2>Geissele SSA-E X spro\u017eilec z Lightning Bow\u00ae<\/h2>\n<p>SSA-E X\u2122 s sistemom Lightning Bow\u00ae omogo\u010da nadzor spro\u017eilca. Ta spro\u017eilec zdru\u017euje:<\/p>\n<ul>\n<li>Delno ukrivljen, \u0161irok profil<\/li>\n<li>Nanoweapon premaz za bolj\u0161o vzdr\u017eljivost<\/li>\n<li>Gladek, lahek prvi korak spro\u017eitve<\/li>\n<li>Jasen drugi korak spro\u017eitve<\/li>\n<\/ul>\n<p>Primeren za precizne pu\u0161ke ostrostrelcev, SSA-E X\u2122 zagotavlja natan\u010dnost in zanesljivost. Njegova zasnova zdru\u017euje prednosti ukrivljenih in ravnih spro\u017eilcev, zagotavlja u\u010dinkovitost tudi z minimalnim mazanjem.<\/p>\n<\/div>\n","protected":false},"excerpt":{"rendered":"<p>Natan\u010den AR spro\u017eilec s hibridnim lokovnim dizajnom za vrhunski nadzor in natan\u010dnost.<\/p>\n","protected":false},"featured_media":62071,"template":"","meta":{"_acf_changed":false},"product_brand":[11389],"product_cat":[13432,13483,13420],"product_tag":[],"class_list":{"0":"post-62070","1":"product","2":"type-product","3":"status-publish","4":"has-post-thumbnail","6":"product_brand-geissele","7":"product_cat-nastavitve-puske","8":"product_cat-puska","9":"product_cat-sprozilci","11":"first","12":"instock","13":"taxable","14":"shipping-taxable","15":"product-type-simple"},"acf":[],"_links":{"self":[{"href":"https:\/\/staging.nbg.eu\/sl\/wp-json\/wp\/v2\/product\/62070","targetHints":{"allow":["GET"]}}],"collection":[{"href":"https:\/\/staging.nbg.eu\/sl\/wp-json\/wp\/v2\/product"}],"about":[{"href":"https:\/\/staging.nbg.eu\/sl\/wp-json\/wp\/v2\/types\/product"}],"wp:featuredmedia":[{"embeddable":true,"href":"https:\/\/staging.nbg.eu\/sl\/wp-json\/wp\/v2\/media\/62071"}],"wp:attachment":[{"href":"https:\/\/staging.nbg.eu\/sl\/wp-json\/wp\/v2\/media?parent=62070"}],"wp:term":[{"taxonomy":"product_brand","embeddable":true,"href":"https:\/\/staging.nbg.eu\/sl\/wp-json\/wp\/v2\/product_brand?post=62070"},{"taxonomy":"product_cat","embeddable":true,"href":"https:\/\/staging.nbg.eu\/sl\/wp-json\/wp\/v2\/product_cat?post=62070"},{"taxonomy":"product_tag","embeddable":true,"href":"https:\/\/staging.nbg.eu\/sl\/wp-json\/wp\/v2\/product_tag?post=62070"}],"curies":[{"name":"wp","href":"https:\/\/api.w.org\/{rel}","templated":true}]}}