{"id":61944,"date":"2024-02-14T11:24:38","date_gmt":"2024-09-16T11:18:44","guid":{"rendered":"https:\/\/staging.nbg.eu\/product\/geissele-super-dynamic-3-gun-sd-3g-trigger\/"},"modified":"2024-09-16T11:19:43","modified_gmt":"2024-09-16T11:19:43","slug":"geissele-super-dynamic-3-gun-sd-3g-sprozilec","status":"publish","type":"product","link":"https:\/\/staging.nbg.eu\/sl\/izdelek\/geissele-super-dynamic-3-gun-sd-3g-sprozilec\/","title":{"rendered":"Geissele Super Dynamic 3 Gun (SD-3G) spro\u017eilec"},"content":{"rendered":"<div class=\"product-description\">\n<h2>Geissele Super Dynamic 3 Gun (SD-3G) spro\u017eilec<\/h2>\n<p>Geissele SD-3G spro\u017eilec ponuja naslednje lastnosti:<\/p>\n<ul>\n<li>Ravno spro\u017eilno streme za zmanj\u0161ano zaznano te\u017eo potega<\/li>\n<li>Hibridna zasnova, ki zdru\u017euje lastnosti enostopenjskega in dvostopenjskega spro\u017eilca<\/li>\n<li>Skraj\u0161ana dol\u017eina potega in hitro vra\u010danje<\/li>\n<li>Izbolj\u0161an taktilni odziv za bolj\u0161i nadzor operaterja<\/li>\n<li>Primeren za 3 Gun tekmovalno streljanje<\/li>\n<\/ul>\n<p>Primeren za tekmovanja na kratkih progah, ki zahtevajo hitro ciljanje in hitre zaporedne strele. Ni priporo\u010dljiv za slu\u017ebeno uporabo, streljanje z naslonom ali precizno streljanje.<\/p>\n<p><strong>Opomba:<\/strong> SD-3G zagotavlja hitrost ob ohranjanju varnosti in robustnosti dvostopenjskega bojnega spro\u017eilca.<\/p>\n<\/div>\n","protected":false},"excerpt":{"rendered":"<p>Plo\u0161\u010dat spro\u017eilec za 3-gun: ultra hiter, kratek poteg, hitro vra\u010danje.<\/p>\n","protected":false},"featured_media":61945,"template":"","meta":{"_acf_changed":false},"product_brand":[11389],"product_cat":[13432,13483,13420],"product_tag":[],"class_list":{"0":"post-61944","1":"product","2":"type-product","3":"status-publish","4":"has-post-thumbnail","6":"product_brand-geissele","7":"product_cat-nastavitve-puske","8":"product_cat-puska","9":"product_cat-sprozilci","11":"first","12":"outofstock","13":"taxable","14":"shipping-taxable","15":"product-type-simple"},"acf":[],"_links":{"self":[{"href":"https:\/\/staging.nbg.eu\/sl\/wp-json\/wp\/v2\/product\/61944","targetHints":{"allow":["GET"]}}],"collection":[{"href":"https:\/\/staging.nbg.eu\/sl\/wp-json\/wp\/v2\/product"}],"about":[{"href":"https:\/\/staging.nbg.eu\/sl\/wp-json\/wp\/v2\/types\/product"}],"wp:featuredmedia":[{"embeddable":true,"href":"https:\/\/staging.nbg.eu\/sl\/wp-json\/wp\/v2\/media\/61945"}],"wp:attachment":[{"href":"https:\/\/staging.nbg.eu\/sl\/wp-json\/wp\/v2\/media?parent=61944"}],"wp:term":[{"taxonomy":"product_brand","embeddable":true,"href":"https:\/\/staging.nbg.eu\/sl\/wp-json\/wp\/v2\/product_brand?post=61944"},{"taxonomy":"product_cat","embeddable":true,"href":"https:\/\/staging.nbg.eu\/sl\/wp-json\/wp\/v2\/product_cat?post=61944"},{"taxonomy":"product_tag","embeddable":true,"href":"https:\/\/staging.nbg.eu\/sl\/wp-json\/wp\/v2\/product_tag?post=61944"}],"curies":[{"name":"wp","href":"https:\/\/api.w.org\/{rel}","templated":true}]}}