{"id":61882,"date":"2024-02-14T19:46:21","date_gmt":"2024-09-16T11:14:37","guid":{"rendered":"https:\/\/staging.nbg.eu\/product\/geissele-hk-mr-556-trigger\/"},"modified":"2024-09-16T11:15:33","modified_gmt":"2024-09-16T11:15:33","slug":"geissele-hk-mr-556-sprozilec","status":"publish","type":"product","link":"https:\/\/staging.nbg.eu\/sl\/izdelek\/geissele-hk-mr-556-sprozilec\/","title":{"rendered":"Geissele HK MR 556 spro\u017eilec"},"content":{"rendered":"<h2>Geissele HK MR 556 spro\u017eilec<\/h2>\n<p>Izbolj\u0161ajte svoj HK 556 ali polavtomatski HK 416 z Geissele HK MR 556 spro\u017eilcem. Podobno kot na\u0161 SSA spro\u017eilec, ta nadgradnja ponuja:<\/p>\n<ul>\n<li>Izbolj\u0161ano natan\u010dnost<\/li>\n<li>Bolj gladek poteg<\/li>\n<li>Hitrej\u0161e zaporedne strele<\/li>\n<li>Zdru\u017eljivost s HK 556 in polavtomatskim HK 416<\/li>\n<\/ul>\n<p>Izbolj\u0161ajte svojo strelsko izku\u0161njo z Geissele spro\u017eilcem.<\/p>\n","protected":false},"excerpt":{"rendered":"<p>Precizna spro\u017eilna skupina za HK MR 556\/416. Delovanje podobno SSA za izbolj\u0161ano natan\u010dnost.<\/p>\n","protected":false},"featured_media":61883,"template":"","meta":{"_acf_changed":false},"product_brand":[11389],"product_cat":[13432,13483,13420],"product_tag":[],"class_list":{"0":"post-61882","1":"product","2":"type-product","3":"status-publish","4":"has-post-thumbnail","6":"product_brand-geissele","7":"product_cat-nastavitve-puske","8":"product_cat-puska","9":"product_cat-sprozilci","11":"first","12":"instock","13":"taxable","14":"shipping-taxable","15":"product-type-simple"},"acf":[],"_links":{"self":[{"href":"https:\/\/staging.nbg.eu\/sl\/wp-json\/wp\/v2\/product\/61882","targetHints":{"allow":["GET"]}}],"collection":[{"href":"https:\/\/staging.nbg.eu\/sl\/wp-json\/wp\/v2\/product"}],"about":[{"href":"https:\/\/staging.nbg.eu\/sl\/wp-json\/wp\/v2\/types\/product"}],"wp:featuredmedia":[{"embeddable":true,"href":"https:\/\/staging.nbg.eu\/sl\/wp-json\/wp\/v2\/media\/61883"}],"wp:attachment":[{"href":"https:\/\/staging.nbg.eu\/sl\/wp-json\/wp\/v2\/media?parent=61882"}],"wp:term":[{"taxonomy":"product_brand","embeddable":true,"href":"https:\/\/staging.nbg.eu\/sl\/wp-json\/wp\/v2\/product_brand?post=61882"},{"taxonomy":"product_cat","embeddable":true,"href":"https:\/\/staging.nbg.eu\/sl\/wp-json\/wp\/v2\/product_cat?post=61882"},{"taxonomy":"product_tag","embeddable":true,"href":"https:\/\/staging.nbg.eu\/sl\/wp-json\/wp\/v2\/product_tag?post=61882"}],"curies":[{"name":"wp","href":"https:\/\/api.w.org\/{rel}","templated":true}]}}