{"id":61820,"date":"2024-02-14T19:52:46","date_gmt":"2024-09-16T11:12:44","guid":{"rendered":"https:\/\/staging.nbg.eu\/product\/geissele-hk-mr-762-trigger\/"},"modified":"2024-09-16T11:13:43","modified_gmt":"2024-09-16T11:13:43","slug":"geissele-hk-mr-762-sprozilec","status":"publish","type":"product","link":"https:\/\/staging.nbg.eu\/sl\/izdelek\/geissele-hk-mr-762-sprozilec\/","title":{"rendered":"Geissele HK MR 762 spro\u017eilec"},"content":{"rendered":"<div class=\"product-description\">\n<h2>Geissele HK MR 762 spro\u017eilec<\/h2>\n<p>Spro\u017eilec Geissele HK MR 762 za HK 762 ali polavtomatski HK 417 ponuja:<\/p>\n<ul>\n<li>Gladek poteg<\/li>\n<li>Izbolj\u0161ana natan\u010dnost<\/li>\n<li>Zdru\u017eljivost s HK 762 in HK 417 modeli<\/li>\n<li>Trpe\u017ena konstrukcija<\/li>\n<\/ul>\n<p>Geissele spro\u017eilec za HK 762 in HK 417.<\/p>\n<\/div>\n","protected":false},"excerpt":{"rendered":"<p>Precizni spro\u017eilec v stilu SSA za pu\u0161ke HK 762 in polavtomatske pu\u0161ke HK 417.<\/p>\n","protected":false},"featured_media":61821,"template":"","meta":{"_acf_changed":false},"product_brand":[11389],"product_cat":[13432,13483,13420],"product_tag":[],"class_list":{"0":"post-61820","1":"product","2":"type-product","3":"status-publish","4":"has-post-thumbnail","6":"product_brand-geissele","7":"product_cat-nastavitve-puske","8":"product_cat-puska","9":"product_cat-sprozilci","11":"first","12":"instock","13":"taxable","14":"shipping-taxable","15":"product-type-simple"},"acf":[],"_links":{"self":[{"href":"https:\/\/staging.nbg.eu\/sl\/wp-json\/wp\/v2\/product\/61820","targetHints":{"allow":["GET"]}}],"collection":[{"href":"https:\/\/staging.nbg.eu\/sl\/wp-json\/wp\/v2\/product"}],"about":[{"href":"https:\/\/staging.nbg.eu\/sl\/wp-json\/wp\/v2\/types\/product"}],"wp:featuredmedia":[{"embeddable":true,"href":"https:\/\/staging.nbg.eu\/sl\/wp-json\/wp\/v2\/media\/61821"}],"wp:attachment":[{"href":"https:\/\/staging.nbg.eu\/sl\/wp-json\/wp\/v2\/media?parent=61820"}],"wp:term":[{"taxonomy":"product_brand","embeddable":true,"href":"https:\/\/staging.nbg.eu\/sl\/wp-json\/wp\/v2\/product_brand?post=61820"},{"taxonomy":"product_cat","embeddable":true,"href":"https:\/\/staging.nbg.eu\/sl\/wp-json\/wp\/v2\/product_cat?post=61820"},{"taxonomy":"product_tag","embeddable":true,"href":"https:\/\/staging.nbg.eu\/sl\/wp-json\/wp\/v2\/product_tag?post=61820"}],"curies":[{"name":"wp","href":"https:\/\/api.w.org\/{rel}","templated":true}]}}